{"id":1002,"date":"2018-11-05T09:51:32","date_gmt":"2018-11-05T09:51:32","guid":{"rendered":"http:\/\/ecodrill.es\/bauer-bg-value-line\/"},"modified":"2019-04-04T07:51:38","modified_gmt":"2019-04-04T07:51:38","slug":"bauer-bg-value-line","status":"publish","type":"page","link":"https:\/\/ecodrill.es\/en\/bauer-bg-value-line\/","title":{"rendered":"BAUER BG Value Line"},"content":{"rendered":"<p><div class=\"fusion-fullwidth fullwidth-box fusion-builder-row-1 nonhundred-percent-fullwidth non-hundred-percent-height-scrolling\" style=\"--awb-border-radius-top-left:0px;--awb-border-radius-top-right:0px;--awb-border-radius-bottom-right:0px;--awb-border-radius-bottom-left:0px;--awb-flex-wrap:wrap;\" ><div class=\"fusion-builder-row fusion-row\"><div class=\"fusion-layout-column fusion_builder_column fusion-builder-column-0 fusion_builder_column_1_1 1_1 fusion-one-full fusion-column-first fusion-column-last\" style=\"--awb-bg-size:cover;\"><div class=\"fusion-column-wrapper fusion-flex-column-wrapper-legacy\"><div class=\"fusion-text fusion-text-1\"><p><img decoding=\"async\" class=\"alignnone size-full wp-image-721\" src=\"http:\/\/ecodrill.es\/wp-content\/uploads\/2018\/11\/2-value-line-head.jpg\" alt=\"\" width=\"905\" height=\"377\" srcset=\"https:\/\/ecodrill.es\/wp-content\/uploads\/2018\/11\/2-value-line-head-200x83.jpg 200w, https:\/\/ecodrill.es\/wp-content\/uploads\/2018\/11\/2-value-line-head-300x125.jpg 300w, https:\/\/ecodrill.es\/wp-content\/uploads\/2018\/11\/2-value-line-head-400x167.jpg 400w, https:\/\/ecodrill.es\/wp-content\/uploads\/2018\/11\/2-value-line-head-500x208.jpg 500w, https:\/\/ecodrill.es\/wp-content\/uploads\/2018\/11\/2-value-line-head-600x250.jpg 600w, https:\/\/ecodrill.es\/wp-content\/uploads\/2018\/11\/2-value-line-head-700x292.jpg 700w, https:\/\/ecodrill.es\/wp-content\/uploads\/2018\/11\/2-value-line-head-768x320.jpg 768w, https:\/\/ecodrill.es\/wp-content\/uploads\/2018\/11\/2-value-line-head-800x333.jpg 800w, https:\/\/ecodrill.es\/wp-content\/uploads\/2018\/11\/2-value-line-head.jpg 905w\" sizes=\"(max-width: 905px) 100vw, 905px\" \/><\/p>\n<\/div><div class=\"fusion-clearfix\"><\/div><\/div><\/div><\/div><\/div><div class=\"fusion-fullwidth fullwidth-box fusion-builder-row-2 nonhundred-percent-fullwidth non-hundred-percent-height-scrolling\" style=\"--awb-border-radius-top-left:0px;--awb-border-radius-top-right:0px;--awb-border-radius-bottom-right:0px;--awb-border-radius-bottom-left:0px;--awb-flex-wrap:wrap;\" ><div class=\"fusion-builder-row fusion-row\"><div class=\"fusion-layout-column fusion_builder_column fusion-builder-column-1 fusion_builder_column_1_1 1_1 fusion-one-full fusion-column-first fusion-column-last\" style=\"--awb-bg-size:cover;\"><div class=\"fusion-column-wrapper fusion-flex-column-wrapper-legacy\"><div class=\"fusion-title title fusion-title-1 fusion-title-text fusion-title-size-one\"><h1 class=\"fusion-title-heading title-heading-left\" style=\"margin:0;\"><strong>Overview Drilling Rigs ValueLine<\/strong><\/h1><span class=\"awb-title-spacer\"><\/span><div class=\"title-sep-container\"><div class=\"title-sep sep-single sep-solid\" style=\"border-color:#e0dede;\"><\/div><\/div><\/div><div class=\"fusion-text fusion-text-2\"><p><strong>Specific features of the BG ValueLine are:<\/strong><\/p>\n<\/div><ul style=\"--awb-iconcolor:#2e3f8d;--awb-line-height:23.8px;--awb-icon-width:23.8px;--awb-icon-height:23.8px;--awb-icon-margin:9.8px;--awb-content-margin:33.6px;\" class=\"fusion-checklist fusion-checklist-1 fusion-checklist-default type-icons\" id=\"text_point\"><li class=\"fusion-li-item\" style=\"\"><span class=\"icon-wrapper circle-no\"><i class=\"fusion-li-icon fa-check-circle fas\" aria-hidden=\"true\"><\/i><\/span><div class=\"fusion-li-item-content\">\n<p>Long mast for increased drilling depth<\/p>\n<\/div><\/li><li class=\"fusion-li-item\" style=\"\"><span class=\"icon-wrapper circle-no\"><i class=\"fusion-li-icon fa-check-circle fas\" aria-hidden=\"true\"><\/i><\/span><div class=\"fusion-li-item-content\">\n<p>Enlarged drill axis distance for larger drilling diameter<\/p>\n<\/div><\/li><li class=\"fusion-li-item\" style=\"\"><span class=\"icon-wrapper circle-no\"><i class=\"fusion-li-icon fa-check-circle fas\" aria-hidden=\"true\"><\/i><\/span><div class=\"fusion-li-item-content\">\n<p>High winch traction forces<\/p>\n<\/div><\/li><li class=\"fusion-li-item\" style=\"\"><span class=\"icon-wrapper circle-no\"><i class=\"fusion-li-icon fa-check-circle fas\" aria-hidden=\"true\"><\/i><\/span><div class=\"fusion-li-item-content\">\n<p>Increased torque<\/p>\n<\/div><\/li><li class=\"fusion-li-item\" style=\"\"><span class=\"icon-wrapper circle-no\"><i class=\"fusion-li-icon fa-check-circle fas\" aria-hidden=\"true\"><\/i><\/span><div class=\"fusion-li-item-content\">\n<p>Fuel-efficient diesel engine<\/p>\n<\/div><\/li><\/ul><div class=\"fusion-sep-clear\"><\/div><div class=\"fusion-separator fusion-full-width-sep\" style=\"margin-left: auto;margin-right: auto;margin-bottom:15px;width:100%;\"><\/div><div class=\"fusion-sep-clear\"><\/div><div class=\"fusion-builder-row fusion-builder-row-inner fusion-row\"><div class=\"fusion-layout-column fusion_builder_column_inner fusion-builder-nested-column-0 fusion_builder_column_inner_1_3 1_3 fusion-one-third fusion-column-first\" style=\"--awb-bg-size:cover;--awb-margin-top:25px;--awb-margin-bottom:0px;width:33.333333333333%;width:calc(33.333333333333% - ( ( 4% + 4% ) * 0.33333333333333 ) );margin-right: 4%;\"><div class=\"fusion-column-wrapper fusion-flex-column-wrapper-legacy\"><div class=\"fusion-content-boxes content-boxes columns row fusion-columns-1 fusion-columns-total-1 fusion-content-boxes-1 content-boxes-icon-on-top content-left\" style=\"--awb-backgroundcolor:#ffffff;--awb-title-color:#5f616f;--awb-iconcolor:#5f616f;--awb-margin-bottom:0px;--awb-hover-accent-color:#2d3f91;--awb-circle-hover-accent-color:transparent;--awb-item-margin-bottom:40px;\" data-animationOffset=\"top-into-view\"><div style=\"--awb-backgroundcolor:#ffffff;--awb-iconcolor:#5f616f;\" class=\"fusion-column content-box-column content-box-column content-box-column-1 col-lg-12 col-md-12 col-sm-12 fusion-content-box-hover content-box-column-last content-box-column-last-in-row\"><div class=\"col content-box-wrapper content-wrapper-background link-area-box link-type-button-bar icon-hover-animation-fade\" data-link=\"http:\/\/ecodrill.es\/bg-15-h-bt-50\/\" data-link-target=\"_self\" data-animationOffset=\"top-into-view\"><div class=\"heading heading-with-icon icon-left\"><a class=\"heading-link\" href=\"http:\/\/ecodrill.es\/bg-15-h-bt-50\/\" target=\"_self\"><div class=\"icon\"><i style=\"background-color:transparent;border-color:transparent;height:auto;width: 0px;line-height:normal;font-size:0px;\" aria-hidden=\"true\" class=\"fontawesome-icon fa-user-alt fas circle-no\"><\/i><\/div><\/a><\/div><div class=\"fusion-clearfix\"><\/div><div class=\"content-container\">\n<div class=\"fusion-image-element in-legacy-container\" style=\"--awb-caption-title-font-family:var(--h2_typography-font-family);--awb-caption-title-font-weight:var(--h2_typography-font-weight);--awb-caption-title-font-style:var(--h2_typography-font-style);--awb-caption-title-size:var(--h2_typography-font-size);--awb-caption-title-transform:var(--h2_typography-text-transform);--awb-caption-title-line-height:var(--h2_typography-line-height);--awb-caption-title-letter-spacing:var(--h2_typography-letter-spacing);\"><span class=\" fusion-imageframe imageframe-none imageframe-1 hover-type-none\"><img decoding=\"async\" width=\"211\" height=\"300\" title=\"ROTARY DRILLING TOOLS\" src=\"http:\/\/ecodrill.es\/wp-content\/uploads\/2019\/04\/BG-15-H-BT-50-ValueLine.png\" alt class=\"img-responsive wp-image-1223\"\/><\/span><\/div>\n<p style=\"font-size: 16px; text-align: left; margin-top: 15px;\"><strong>Torque (kNm)<\/strong>\u00a0 \u00a0150<br \/>\n<strong>Potencia del motor (kNm)<\/strong>\u00a0 \u00a0186<br \/>\n<strong>Altura total (kNm)<\/strong>\u00a0 \u00a015.3<\/p>\n<\/div><div class=\"fusion-clearfix\"><\/div><a class=\" fusion-read-more fusion-button-bar\" href=\"http:\/\/ecodrill.es\/bg-15-h-bt-50\/\" target=\"_self\">BG 15 H BT 50<\/a><div class=\"fusion-clearfix\"><\/div><\/div><\/div><div class=\"fusion-clearfix\"><\/div><\/div><div class=\"fusion-clearfix\"><\/div><\/div><\/div><div class=\"fusion-layout-column fusion_builder_column_inner fusion-builder-nested-column-1 fusion_builder_column_inner_1_3 1_3 fusion-one-third\" style=\"--awb-bg-size:cover;--awb-margin-top:25px;--awb-margin-bottom:0px;width:33.333333333333%;width:calc(33.333333333333% - ( ( 4% + 4% ) * 0.33333333333333 ) );margin-right: 4%;\"><div class=\"fusion-column-wrapper fusion-flex-column-wrapper-legacy\"><div class=\"fusion-content-boxes content-boxes columns row fusion-columns-1 fusion-columns-total-1 fusion-content-boxes-2 content-boxes-icon-on-top content-left\" style=\"--awb-backgroundcolor:#ffffff;--awb-title-color:#5f616f;--awb-iconcolor:#5f616f;--awb-hover-accent-color:#2d3f91;--awb-circle-hover-accent-color:transparent;--awb-item-margin-bottom:40px;\" data-animationOffset=\"top-into-view\"><div style=\"--awb-backgroundcolor:#ffffff;--awb-iconcolor:#5f616f;\" class=\"fusion-column content-box-column content-box-column content-box-column-1 col-lg-12 col-md-12 col-sm-12 fusion-content-box-hover content-box-column-last content-box-column-last-in-row\"><div class=\"col content-box-wrapper content-wrapper-background link-area-box link-type-button-bar icon-hover-animation-fade\" data-link=\"http:\/\/ecodrill.es\/bg-26-bt-70\/\" data-link-target=\"_self\" data-animationOffset=\"top-into-view\"><div class=\"heading heading-with-icon icon-left\"><a class=\"heading-link\" href=\"http:\/\/ecodrill.es\/bg-26-bt-70\/\" target=\"_self\"><div class=\"icon\"><i style=\"background-color:transparent;border-color:transparent;height:auto;width: 0px;line-height:normal;font-size:0px;\" aria-hidden=\"true\" class=\"fontawesome-icon fa-user-alt fas circle-no\"><\/i><\/div><\/a><\/div><div class=\"fusion-clearfix\"><\/div><div class=\"content-container\">\n<div class=\"fusion-image-element in-legacy-container\" style=\"--awb-caption-title-font-family:var(--h2_typography-font-family);--awb-caption-title-font-weight:var(--h2_typography-font-weight);--awb-caption-title-font-style:var(--h2_typography-font-style);--awb-caption-title-size:var(--h2_typography-font-size);--awb-caption-title-transform:var(--h2_typography-text-transform);--awb-caption-title-line-height:var(--h2_typography-line-height);--awb-caption-title-letter-spacing:var(--h2_typography-letter-spacing);\"><span class=\" fusion-imageframe imageframe-none imageframe-2 hover-type-none\"><img decoding=\"async\" src=\"http:\/\/ecodrill.es\/wp-content\/uploads\/2019\/04\/BG-26-BT-70-ValueLine.png\" alt class=\"img-responsive\"\/><\/span><\/div>\n<p style=\"font-size: 16px; text-align: left; margin-top: 15px;\"><strong>Torque (kNm)<\/strong>\u00a0 \u00a0264<br \/>\n<strong>Potencia del motor (kNm)<\/strong>\u00a0 \u00a0280<br \/>\n<strong>Altura total (kNm)<\/strong>\u00a0 \u00a022.1<\/p>\n<\/div><div class=\"fusion-clearfix\"><\/div><a class=\" fusion-read-more fusion-button-bar\" href=\"http:\/\/ecodrill.es\/bg-26-bt-70\/\" target=\"_self\">BG 26 BT 70<\/a><div class=\"fusion-clearfix\"><\/div><\/div><\/div><div class=\"fusion-clearfix\"><\/div><\/div><div class=\"fusion-clearfix\"><\/div><\/div><\/div><div class=\"fusion-layout-column fusion_builder_column_inner fusion-builder-nested-column-2 fusion_builder_column_inner_1_3 1_3 fusion-one-third fusion-column-last\" style=\"--awb-bg-size:cover;--awb-margin-top:25px;--awb-margin-bottom:0px;width:33.333333333333%;width:calc(33.333333333333% - ( ( 4% + 4% ) * 0.33333333333333 ) );\"><div class=\"fusion-column-wrapper fusion-flex-column-wrapper-legacy\"><div class=\"fusion-content-boxes content-boxes columns row fusion-columns-1 fusion-columns-total-1 fusion-content-boxes-3 content-boxes-icon-on-top content-left\" style=\"--awb-backgroundcolor:#ffffff;--awb-title-color:#5f616f;--awb-iconcolor:#5f616f;--awb-hover-accent-color:#2d3f91;--awb-circle-hover-accent-color:transparent;--awb-item-margin-bottom:40px;\" data-animationOffset=\"top-into-view\"><div style=\"--awb-backgroundcolor:#ffffff;--awb-iconcolor:#5f616f;\" class=\"fusion-column content-box-column content-box-column content-box-column-1 col-lg-12 col-md-12 col-sm-12 fusion-content-box-hover content-box-column-last content-box-column-last-in-row\"><div class=\"col content-box-wrapper content-wrapper-background link-area-box link-type-button-bar icon-hover-animation-fade\" data-link=\"http:\/\/ecodrill.es\/bg-30-bt-80\/\" data-link-target=\"_self\" data-animationOffset=\"top-into-view\"><div class=\"heading heading-with-icon icon-left\"><a class=\"heading-link\" href=\"http:\/\/ecodrill.es\/bg-30-bt-80\/\" target=\"_self\"><div class=\"icon\"><i style=\"background-color:transparent;border-color:transparent;height:auto;width: 0px;line-height:normal;font-size:0px;\" aria-hidden=\"true\" class=\"fontawesome-icon fa-user-alt fas circle-no\"><\/i><\/div><\/a><\/div><div class=\"fusion-clearfix\"><\/div><div class=\"content-container\">\n<div class=\"fusion-image-element in-legacy-container\" style=\"--awb-caption-title-font-family:var(--h2_typography-font-family);--awb-caption-title-font-weight:var(--h2_typography-font-weight);--awb-caption-title-font-style:var(--h2_typography-font-style);--awb-caption-title-size:var(--h2_typography-font-size);--awb-caption-title-transform:var(--h2_typography-text-transform);--awb-caption-title-line-height:var(--h2_typography-line-height);--awb-caption-title-letter-spacing:var(--h2_typography-letter-spacing);\"><span class=\" fusion-imageframe imageframe-none imageframe-3 hover-type-none\"><img decoding=\"async\" width=\"211\" height=\"300\" title=\"CASINGS\" src=\"http:\/\/ecodrill.es\/wp-content\/uploads\/2019\/04\/BG-30-BT-80-ValueLine.png\" alt class=\"img-responsive wp-image-1227\"\/><\/span><\/div>\n<p style=\"font-size: 16px; text-align: left; margin-top: 15px;\"><strong>Torque (kNm)<\/strong>\u00a0 \u00a0300<br \/>\n<strong>Potencia del motor (kNm)<\/strong>\u00a0 \u00a0310<br \/>\n<strong>Altura total (kNm)<\/strong>\u00a0 \u00a026.9<\/p>\n<\/div><div class=\"fusion-clearfix\"><\/div><a class=\" fusion-read-more fusion-button-bar\" href=\"http:\/\/ecodrill.es\/bg-30-bt-80\/\" target=\"_self\">BG 30 BT 80<\/a><div class=\"fusion-clearfix\"><\/div><\/div><\/div><div class=\"fusion-clearfix\"><\/div><\/div><div class=\"fusion-clearfix\"><\/div><\/div><\/div><div class=\"fusion-layout-column fusion_builder_column_inner fusion-builder-nested-column-3 fusion_builder_column_inner_1_3 1_3 fusion-one-third fusion-column-first\" style=\"--awb-bg-size:cover;width:33.333333333333%;width:calc(33.333333333333% - ( ( 4% ) * 0.33333333333333 ) );margin-right: 4%;\"><div class=\"fusion-column-wrapper fusion-flex-column-wrapper-legacy\"><div class=\"fusion-content-boxes content-boxes columns row fusion-columns-1 fusion-columns-total-1 fusion-content-boxes-4 content-boxes-icon-on-top content-left\" style=\"--awb-backgroundcolor:#ffffff;--awb-title-color:#5f616f;--awb-iconcolor:#5f616f;--awb-margin-bottom:0px;--awb-hover-accent-color:#2d3f91;--awb-circle-hover-accent-color:transparent;--awb-item-margin-bottom:40px;\" data-animationOffset=\"top-into-view\"><div style=\"--awb-backgroundcolor:#ffffff;--awb-iconcolor:#5f616f;\" class=\"fusion-column content-box-column content-box-column content-box-column-1 col-lg-12 col-md-12 col-sm-12 fusion-content-box-hover content-box-column-last content-box-column-last-in-row\"><div class=\"col content-box-wrapper content-wrapper-background link-area-box link-type-button-bar icon-hover-animation-fade\" data-link=\"http:\/\/ecodrill.es\/bg-38-bs-80\/\" data-link-target=\"_self\" data-animationOffset=\"top-into-view\"><div class=\"heading heading-with-icon icon-left\"><a class=\"heading-link\" href=\"http:\/\/ecodrill.es\/bg-38-bs-80\/\" target=\"_self\"><div class=\"icon\"><i style=\"background-color:transparent;border-color:transparent;height:auto;width: 0px;line-height:normal;font-size:0px;\" aria-hidden=\"true\" class=\"fontawesome-icon fa-user-alt fas circle-no\"><\/i><\/div><\/a><\/div><div class=\"fusion-clearfix\"><\/div><div class=\"content-container\">\n<div class=\"fusion-image-element in-legacy-container\" style=\"--awb-caption-title-font-family:var(--h2_typography-font-family);--awb-caption-title-font-weight:var(--h2_typography-font-weight);--awb-caption-title-font-style:var(--h2_typography-font-style);--awb-caption-title-size:var(--h2_typography-font-size);--awb-caption-title-transform:var(--h2_typography-text-transform);--awb-caption-title-line-height:var(--h2_typography-line-height);--awb-caption-title-letter-spacing:var(--h2_typography-letter-spacing);\"><span class=\" fusion-imageframe imageframe-none imageframe-4 hover-type-none\"><img decoding=\"async\" src=\"http:\/\/ecodrill.es\/wp-content\/uploads\/2019\/04\/BG-23-H-BT-75.png\" alt class=\"img-responsive\"\/><\/span><\/div>\n<p style=\"font-size: 16px; text-align: left; margin-top: 15px;\"><strong>Torque (kNm)<\/strong>\u00a0 \u00a0380<br \/>\n<strong>Potencia del motor (kNm)<\/strong>\u00a0 \u00a0354<br \/>\n<strong>Altura total (kNm)<\/strong>\u00a0 \u00a027.5<\/p>\n<\/div><div class=\"fusion-clearfix\"><\/div><a class=\" fusion-read-more fusion-button-bar\" href=\"http:\/\/ecodrill.es\/bg-38-bs-80\/\" target=\"_self\">BG 38 BS 80<\/a><div class=\"fusion-clearfix\"><\/div><\/div><\/div><div class=\"fusion-clearfix\"><\/div><\/div><div class=\"fusion-clearfix\"><\/div><\/div><\/div><\/div><div class=\"fusion-clearfix\"><\/div><\/div><\/div><\/div><\/div><\/p>\n","protected":false},"excerpt":{"rendered":"","protected":false},"author":1,"featured_media":0,"parent":0,"menu_order":0,"comment_status":"closed","ping_status":"closed","template":"","meta":{"_bbp_topic_count":0,"_bbp_reply_count":0,"_bbp_total_topic_count":0,"_bbp_total_reply_count":0,"_bbp_voice_count":0,"_bbp_anonymous_reply_count":0,"_bbp_topic_count_hidden":0,"_bbp_reply_count_hidden":0,"_bbp_forum_subforum_count":0,"footnotes":""},"yoast_head":"<!-- This site is optimized with the Yoast SEO plugin v21.5 - https:\/\/yoast.com\/wordpress\/plugins\/seo\/ -->\n<title>BAUER BG Value Line - Soluciones para ingenier\u00eda civil en el sector de la construcci\u00f3n | Ecodrill - Baudrill<\/title>\n<meta name=\"robots\" content=\"index, follow, max-snippet:-1, max-image-preview:large, max-video-preview:-1\" \/>\n<link rel=\"canonical\" href=\"https:\/\/ecodrill.es\/en\/bauer-bg-value-line\/\" \/>\n<meta property=\"og:locale\" content=\"en_US\" \/>\n<meta property=\"og:type\" content=\"article\" \/>\n<meta property=\"og:title\" content=\"BAUER BG Value Line - Soluciones para ingenier\u00eda civil en el sector de la construcci\u00f3n | Ecodrill - Baudrill\" \/>\n<meta property=\"og:url\" content=\"https:\/\/ecodrill.es\/en\/bauer-bg-value-line\/\" \/>\n<meta property=\"og:site_name\" content=\"Soluciones para ingenier\u00eda civil en el sector de la construcci\u00f3n | Ecodrill - Baudrill\" \/>\n<meta property=\"article:modified_time\" content=\"2019-04-04T07:51:38+00:00\" \/>\n<meta property=\"og:image\" content=\"http:\/\/ecodrill.es\/wp-content\/uploads\/2018\/11\/2-value-line-head.jpg\" \/>\n<meta name=\"twitter:card\" content=\"summary_large_image\" \/>\n<meta name=\"twitter:label1\" content=\"Est. reading time\" \/>\n\t<meta name=\"twitter:data1\" content=\"8 minutes\" \/>\n<script type=\"application\/ld+json\" class=\"yoast-schema-graph\">{\"@context\":\"https:\/\/schema.org\",\"@graph\":[{\"@type\":\"WebPage\",\"@id\":\"https:\/\/ecodrill.es\/en\/bauer-bg-value-line\/\",\"url\":\"https:\/\/ecodrill.es\/en\/bauer-bg-value-line\/\",\"name\":\"BAUER BG Value Line - Soluciones para ingenier\u00eda civil en el sector de la construcci\u00f3n | Ecodrill - Baudrill\",\"isPartOf\":{\"@id\":\"https:\/\/ecodrill.es\/en\/#website\"},\"datePublished\":\"2018-11-05T09:51:32+00:00\",\"dateModified\":\"2019-04-04T07:51:38+00:00\",\"breadcrumb\":{\"@id\":\"https:\/\/ecodrill.es\/en\/bauer-bg-value-line\/#breadcrumb\"},\"inLanguage\":\"en-US\",\"potentialAction\":[{\"@type\":\"ReadAction\",\"target\":[\"https:\/\/ecodrill.es\/en\/bauer-bg-value-line\/\"]}]},{\"@type\":\"BreadcrumbList\",\"@id\":\"https:\/\/ecodrill.es\/en\/bauer-bg-value-line\/#breadcrumb\",\"itemListElement\":[{\"@type\":\"ListItem\",\"position\":1,\"name\":\"Portada\",\"item\":\"https:\/\/ecodrill.es\/en\/\"},{\"@type\":\"ListItem\",\"position\":2,\"name\":\"BAUER BG Value Line\"}]},{\"@type\":\"WebSite\",\"@id\":\"https:\/\/ecodrill.es\/en\/#website\",\"url\":\"https:\/\/ecodrill.es\/en\/\",\"name\":\"Soluciones para ingenier\u00eda civil en el sector de la construcci\u00f3n | Ecodrill - Baudrill\",\"description\":\"Distribuidor autorizado de BAUER Maschinen GmbH, tenemos una amplia experiencia en el sector de la construcci\u00f3n, con presencia en Espa\u00f1a, Per\u00fa y Ecuador.\",\"potentialAction\":[{\"@type\":\"SearchAction\",\"target\":{\"@type\":\"EntryPoint\",\"urlTemplate\":\"https:\/\/ecodrill.es\/en\/?s={search_term_string}\"},\"query-input\":\"required name=search_term_string\"}],\"inLanguage\":\"en-US\"}]}<\/script>\n<!-- \/ Yoast SEO plugin. -->","yoast_head_json":{"title":"BAUER BG Value Line - Soluciones para ingenier\u00eda civil en el sector de la construcci\u00f3n | Ecodrill - Baudrill","robots":{"index":"index","follow":"follow","max-snippet":"max-snippet:-1","max-image-preview":"max-image-preview:large","max-video-preview":"max-video-preview:-1"},"canonical":"https:\/\/ecodrill.es\/en\/bauer-bg-value-line\/","og_locale":"en_US","og_type":"article","og_title":"BAUER BG Value Line - Soluciones para ingenier\u00eda civil en el sector de la construcci\u00f3n | Ecodrill - Baudrill","og_url":"https:\/\/ecodrill.es\/en\/bauer-bg-value-line\/","og_site_name":"Soluciones para ingenier\u00eda civil en el sector de la construcci\u00f3n | Ecodrill - Baudrill","article_modified_time":"2019-04-04T07:51:38+00:00","og_image":[{"url":"http:\/\/ecodrill.es\/wp-content\/uploads\/2018\/11\/2-value-line-head.jpg"}],"twitter_card":"summary_large_image","twitter_misc":{"Est. reading time":"8 minutes"},"schema":{"@context":"https:\/\/schema.org","@graph":[{"@type":"WebPage","@id":"https:\/\/ecodrill.es\/en\/bauer-bg-value-line\/","url":"https:\/\/ecodrill.es\/en\/bauer-bg-value-line\/","name":"BAUER BG Value Line - Soluciones para ingenier\u00eda civil en el sector de la construcci\u00f3n | Ecodrill - Baudrill","isPartOf":{"@id":"https:\/\/ecodrill.es\/en\/#website"},"datePublished":"2018-11-05T09:51:32+00:00","dateModified":"2019-04-04T07:51:38+00:00","breadcrumb":{"@id":"https:\/\/ecodrill.es\/en\/bauer-bg-value-line\/#breadcrumb"},"inLanguage":"en-US","potentialAction":[{"@type":"ReadAction","target":["https:\/\/ecodrill.es\/en\/bauer-bg-value-line\/"]}]},{"@type":"BreadcrumbList","@id":"https:\/\/ecodrill.es\/en\/bauer-bg-value-line\/#breadcrumb","itemListElement":[{"@type":"ListItem","position":1,"name":"Portada","item":"https:\/\/ecodrill.es\/en\/"},{"@type":"ListItem","position":2,"name":"BAUER BG Value Line"}]},{"@type":"WebSite","@id":"https:\/\/ecodrill.es\/en\/#website","url":"https:\/\/ecodrill.es\/en\/","name":"Soluciones para ingenier\u00eda civil en el sector de la construcci\u00f3n | Ecodrill - Baudrill","description":"Distribuidor autorizado de BAUER Maschinen GmbH, tenemos una amplia experiencia en el sector de la construcci\u00f3n, con presencia en Espa\u00f1a, Per\u00fa y Ecuador.","potentialAction":[{"@type":"SearchAction","target":{"@type":"EntryPoint","urlTemplate":"https:\/\/ecodrill.es\/en\/?s={search_term_string}"},"query-input":"required name=search_term_string"}],"inLanguage":"en-US"}]}},"_links":{"self":[{"href":"https:\/\/ecodrill.es\/en\/wp-json\/wp\/v2\/pages\/1002"}],"collection":[{"href":"https:\/\/ecodrill.es\/en\/wp-json\/wp\/v2\/pages"}],"about":[{"href":"https:\/\/ecodrill.es\/en\/wp-json\/wp\/v2\/types\/page"}],"author":[{"embeddable":true,"href":"https:\/\/ecodrill.es\/en\/wp-json\/wp\/v2\/users\/1"}],"replies":[{"embeddable":true,"href":"https:\/\/ecodrill.es\/en\/wp-json\/wp\/v2\/comments?post=1002"}],"version-history":[{"count":3,"href":"https:\/\/ecodrill.es\/en\/wp-json\/wp\/v2\/pages\/1002\/revisions"}],"predecessor-version":[{"id":1854,"href":"https:\/\/ecodrill.es\/en\/wp-json\/wp\/v2\/pages\/1002\/revisions\/1854"}],"wp:attachment":[{"href":"https:\/\/ecodrill.es\/en\/wp-json\/wp\/v2\/media?parent=1002"}],"curies":[{"name":"wp","href":"https:\/\/api.w.org\/{rel}","templated":true}]}}