{"id":1008,"date":"2018-11-07T11:49:49","date_gmt":"2018-11-07T11:49:49","guid":{"rendered":"http:\/\/ecodrill.es\/cucharas-hidraulicas\/"},"modified":"2019-04-16T16:41:25","modified_gmt":"2019-04-16T16:41:25","slug":"grabs","status":"publish","type":"page","link":"https:\/\/ecodrill.es\/en\/grabs\/","title":{"rendered":"Grabs"},"content":{"rendered":"<div class=\"fusion-fullwidth fullwidth-box fusion-builder-row-1 nonhundred-percent-fullwidth non-hundred-percent-height-scrolling\" style=\"--awb-border-radius-top-left:0px;--awb-border-radius-top-right:0px;--awb-border-radius-bottom-right:0px;--awb-border-radius-bottom-left:0px;--awb-flex-wrap:wrap;\" ><div class=\"fusion-builder-row fusion-row\"><div class=\"fusion-layout-column fusion_builder_column fusion-builder-column-0 fusion_builder_column_1_1 1_1 fusion-one-full fusion-column-first fusion-column-last\" style=\"--awb-bg-size:cover;\"><div class=\"fusion-column-wrapper fusion-flex-column-wrapper-legacy\"><div class=\"fusion-text fusion-text-1\"><p><img decoding=\"async\" class=\"alignnone size-full wp-image-792\" src=\"http:\/\/ecodrill.es\/wp-content\/uploads\/2018\/11\/5-grab-system.jpg\" alt=\"\" width=\"790\" height=\"304\" srcset=\"https:\/\/ecodrill.es\/wp-content\/uploads\/2018\/11\/5-grab-system-200x77.jpg 200w, https:\/\/ecodrill.es\/wp-content\/uploads\/2018\/11\/5-grab-system-300x115.jpg 300w, https:\/\/ecodrill.es\/wp-content\/uploads\/2018\/11\/5-grab-system-400x154.jpg 400w, https:\/\/ecodrill.es\/wp-content\/uploads\/2018\/11\/5-grab-system-500x192.jpg 500w, https:\/\/ecodrill.es\/wp-content\/uploads\/2018\/11\/5-grab-system-600x231.jpg 600w, https:\/\/ecodrill.es\/wp-content\/uploads\/2018\/11\/5-grab-system-700x269.jpg 700w, https:\/\/ecodrill.es\/wp-content\/uploads\/2018\/11\/5-grab-system-768x296.jpg 768w, https:\/\/ecodrill.es\/wp-content\/uploads\/2018\/11\/5-grab-system.jpg 790w\" sizes=\"(max-width: 790px) 100vw, 790px\" \/><\/p>\n<\/div><div class=\"fusion-clearfix\"><\/div><\/div><\/div><div class=\"fusion-layout-column fusion_builder_column fusion-builder-column-1 fusion_builder_column_1_1 1_1 fusion-one-full fusion-column-first fusion-column-last\" style=\"--awb-bg-size:cover;--awb-margin-bottom:60px;\"><div class=\"fusion-column-wrapper fusion-flex-column-wrapper-legacy\"><div class=\"fusion-title title fusion-title-1 fusion-title-text fusion-title-size-two\"><h2 class=\"fusion-title-heading title-heading-left\" style=\"margin:0;\"><strong>Overview Grabs<\/strong><\/h2><span class=\"awb-title-spacer\"><\/span><div class=\"title-sep-container\"><div class=\"title-sep sep-double sep-solid\" style=\"border-color:#e0dede;\"><\/div><\/div><\/div><div class=\"fusion-text fusion-text-2\"><p>DHG is a rope-suspended, hydraulically operated diaphragm wall grab. The closing forces are activated by a vertically installed cylinder via crowd rods. High closing forces in combination with the possibility of multiple grabbing at the trench bottom result in high excavation rates even in dense and very hard soil strata.<\/p>\n<p>Due to its robust design and its numerous extensions and equipment options, the DHG\/V hydraulic diaphragm wall grab covers a wide range of applications. Equipped with a hydraulically or mechanically operated hose reel system, it can either be deployed with an MC duty-cycle crane or a special GB grab carrier. With the help of an assistant system, deviations can be detected and corrected by the rig operator.<\/p>\n<\/div><div class=\"fusion-sep-clear\"><\/div><div class=\"fusion-separator fusion-full-width-sep\" style=\"margin-left: auto;margin-right: auto;margin-top:10px;width:100%;\"><\/div><div class=\"fusion-sep-clear\"><\/div>\n<div class=\"table-1\">\n<table width=\"100%\">\n<thead>\n<tr>\n<th align=\"left\"><\/th>\n<th align=\"left\">DHG AS<\/th>\n<th align=\"left\">DHG B Vario<\/th>\n<th align=\"left\">DHG V<\/th>\n<\/tr>\n<\/thead>\n<tbody>\n<tr>\n<th align=\"left\">Panel length<\/th>\n<td align=\"left\">2.800 mm<\/td>\n<td align=\"left\">2.400 &#8211; 3.200 mm<\/td>\n<td align=\"left\">2.400 &#8211; 4.200 mm<\/td>\n<\/tr>\n<tr>\n<th align=\"left\">Panel width<\/th>\n<td align=\"left\">300 &#8211; 600 mm<\/td>\n<td align=\"left\">600 &#8211; 1.200 mm<\/td>\n<td align=\"left\">600 &#8211; 1.500 mm<\/td>\n<\/tr>\n<tr>\n<th align=\"left\">Cylinder force<\/th>\n<td align=\"left\">800 kN<\/td>\n<td align=\"left\">1.200 kN<\/td>\n<td align=\"left\">1.200, 1.800 kN<\/td>\n<\/tr>\n<tr>\n<th align=\"left\">Weight<\/th>\n<td align=\"left\">9 &#8211; 13 t<\/td>\n<td align=\"left\">12 &#8211; 23 t<\/td>\n<td align=\"left\">15 &#8211; 35 t<\/td>\n<\/tr>\n<tr>\n<th align=\"left\">Steering flaps<\/th>\n<td align=\"left\">&#8211;<\/td>\n<td align=\"left\">4 (optional)<\/td>\n<td align=\"left\">0, 4, 8, 12<\/td>\n<\/tr>\n<tr>\n<th align=\"left\">Turning device<\/th>\n<td align=\"left\">&#8211;<\/td>\n<td align=\"left\">TD 4 (optional)<\/td>\n<td align=\"left\">TD 4 (optional)<\/td>\n<\/tr>\n<\/tbody>\n<\/table>\n<\/div>\n<div class=\"fusion-sep-clear\"><\/div><div class=\"fusion-separator fusion-full-width-sep\" style=\"margin-left: auto;margin-right: auto;margin-top:10px;width:100%;\"><\/div><div class=\"fusion-sep-clear\"><\/div><div class=\"fusion-text fusion-text-3\"><p>More information can be found in our brochure: \u00a0Diaphragm Wall Hydraulic Grab<\/p>\n<\/div><div class=\"fusion-button-wrapper\"><a class=\"fusion-button button-flat fusion-button-default-size button-default fusion-button-default button-1 fusion-button-default-span fusion-button-default-type\" target=\"_blank\" rel=\"noopener noreferrer\" href=\"https:\/\/ecodrill.es\/wp-content\/uploads\/2019\/04\/DHG_V_Diaphragm_Wall_Hydraulic_Grab_EN_905_724_2.pdf\" id=\"button_download\"><i class=\"fa-file-pdf fas button-icon-left\" aria-hidden=\"true\"><\/i><span class=\"fusion-button-text\">DOWNLOAD BROCHURE DIAPHRAGM WALL HYDRAULIC GRAB<\/span><\/a><\/div><div class=\"fusion-clearfix\"><\/div><\/div><\/div><div class=\"fusion-layout-column fusion_builder_column fusion-builder-column-2 fusion_builder_column_1_1 1_1 fusion-one-full fusion-column-first fusion-column-last\" style=\"--awb-bg-size:cover;\"><div class=\"fusion-column-wrapper fusion-flex-column-wrapper-legacy\"><div class=\"fusion-title title fusion-title-2 fusion-title-text fusion-title-size-two\"><h2 class=\"fusion-title-heading title-heading-left\" style=\"margin:0;\"><strong>Hydraulic Grab Carrier GB 40<\/strong><\/h2><span class=\"awb-title-spacer\"><\/span><div class=\"title-sep-container\"><div class=\"title-sep sep-double sep-solid\" style=\"border-color:#e0dede;\"><\/div><\/div><\/div>\n<div class=\"table-1\">\n<table width=\"100%\">\n<tbody>\n<tr>\n<td align=\"left\">Hoisting force<\/td>\n<td align=\"left\">340 kN<\/td>\n<\/tr>\n<tr>\n<td align=\"left\">Engine2<\/td>\n<td align=\"left\">13 kW<\/td>\n<\/tr>\n<tr>\n<td align=\"left\">Height (approx.)<\/td>\n<td align=\"left\">16,3 m<\/td>\n<\/tr>\n<tr>\n<td align=\"left\">Weight (w\/o grab)<\/td>\n<td align=\"left\">57 t<\/td>\n<\/tr>\n<tr>\n<td align=\"left\">Depth<\/td>\n<td align=\"left\">60 m<\/td>\n<\/tr>\n<\/tbody>\n<\/table>\n<\/div>\n<div class=\"fusion-sep-clear\"><\/div><div class=\"fusion-separator fusion-full-width-sep\" style=\"margin-left: auto;margin-right: auto;margin-top:10px;width:100%;\"><\/div><div class=\"fusion-sep-clear\"><\/div><div class=\"fusion-text fusion-text-4\"><p>More information can be found in our brochure:\u00a0 GB 40<\/p>\n<\/div><div class=\"fusion-button-wrapper\"><a class=\"fusion-button button-flat fusion-button-default-size button-default fusion-button-default button-2 fusion-button-default-span fusion-button-default-type\" target=\"_blank\" rel=\"noopener noreferrer\" href=\"https:\/\/ecodrill.es\/wp-content\/uploads\/2019\/04\/GB_40_EN_905_747_2.pdf\" id=\"button_download\"><i class=\"fa-file-pdf fas button-icon-left\" aria-hidden=\"true\"><\/i><span class=\"fusion-button-text\">DOWNLOAD BROCHURE GB 40<\/span><\/a><\/div><div class=\"fusion-sep-clear\"><\/div><div class=\"fusion-separator fusion-full-width-sep\" style=\"margin-left: auto;margin-right: auto;margin-top:10px;width:100%;\"><\/div><div class=\"fusion-sep-clear\"><\/div><div class=\"fusion-clearfix\"><\/div><\/div><\/div><div class=\"fusion-layout-column fusion_builder_column fusion-builder-column-3 fusion_builder_column_1_1 1_1 fusion-one-full fusion-column-first fusion-column-last\" style=\"--awb-bg-size:cover;\"><div class=\"fusion-column-wrapper fusion-flex-column-wrapper-legacy\"><div class=\"fusion-title title fusion-title-3 fusion-title-text fusion-title-size-two\"><h2 class=\"fusion-title-heading title-heading-left\" style=\"margin:0;\"><strong>Hydraulic Grab Carrier GB 50<\/strong><\/h2><span class=\"awb-title-spacer\"><\/span><div class=\"title-sep-container\"><div class=\"title-sep sep-double sep-solid\" style=\"border-color:#e0dede;\"><\/div><\/div><\/div>\n<div class=\"table-1\">\n<table width=\"100%\">\n<tbody>\n<tr>\n<td align=\"left\">Hoisting force<\/td>\n<td align=\"left\">500kN<\/td>\n<\/tr>\n<tr>\n<td align=\"left\">Engine<\/td>\n<td align=\"left\">261 kW<\/td>\n<\/tr>\n<tr>\n<td align=\"left\">Height (approx.)<\/td>\n<td align=\"left\">17,3 m<\/td>\n<\/tr>\n<tr>\n<td align=\"left\">Weight (w\/o grab)<\/td>\n<td align=\"left\">71 &#8211; 83 t<\/td>\n<\/tr>\n<tr>\n<td align=\"left\">Depth<\/td>\n<td align=\"left\">80 m<\/td>\n<\/tr>\n<\/tbody>\n<\/table>\n<\/div>\n<div class=\"fusion-sep-clear\"><\/div><div class=\"fusion-separator fusion-full-width-sep\" style=\"margin-left: auto;margin-right: auto;margin-top:10px;width:100%;\"><\/div><div class=\"fusion-sep-clear\"><\/div><div class=\"fusion-text fusion-text-5\"><p>More information can be found in our brochure: GB 50<\/p>\n<\/div><div class=\"fusion-button-wrapper\"><a class=\"fusion-button button-flat fusion-button-default-size button-default fusion-button-default button-3 fusion-button-default-span fusion-button-default-type\" target=\"_blank\" rel=\"noopener noreferrer\" href=\"https:\/\/ecodrill.es\/wp-content\/uploads\/2019\/04\/GB_50_EN_905_748_2.pdf\" id=\"button_download\"><i class=\"fa-file-pdf fas button-icon-left\" aria-hidden=\"true\"><\/i><span class=\"fusion-button-text\">DOWNLOAD BROCHURE GB 50<\/span><\/a><\/div><div class=\"fusion-sep-clear\"><\/div><div class=\"fusion-separator fusion-full-width-sep\" style=\"margin-left: auto;margin-right: auto;margin-top:10px;width:100%;\"><\/div><div class=\"fusion-sep-clear\"><\/div><div class=\"fusion-clearfix\"><\/div><\/div><\/div><div class=\"fusion-layout-column fusion_builder_column fusion-builder-column-4 fusion_builder_column_1_1 1_1 fusion-one-full fusion-column-first fusion-column-last\" style=\"--awb-bg-size:cover;\"><div class=\"fusion-column-wrapper fusion-flex-column-wrapper-legacy\"><div class=\"fusion-title title fusion-title-4 fusion-title-text fusion-title-size-two\"><h2 class=\"fusion-title-heading title-heading-left\" style=\"margin:0;\"><strong>Hydraulic Grab Carrier GB 60<\/strong><\/h2><span class=\"awb-title-spacer\"><\/span><div class=\"title-sep-container\"><div class=\"title-sep sep-double sep-solid\" style=\"border-color:#e0dede;\"><\/div><\/div><\/div>\n<div class=\"table-1\">\n<table width=\"100%\">\n<tbody>\n<tr>\n<td align=\"left\">Hoisting force<\/td>\n<td align=\"left\">600kN<\/td>\n<\/tr>\n<tr>\n<td align=\"left\">Engine<\/td>\n<td align=\"left\">266 kW<\/td>\n<\/tr>\n<tr>\n<td align=\"left\">Height (approx.)<\/td>\n<td align=\"left\">18,5 m<\/td>\n<\/tr>\n<tr>\n<td align=\"left\">Weight (w\/o grab)<\/td>\n<td align=\"left\">89 t<\/td>\n<\/tr>\n<tr>\n<td align=\"left\">Depth<\/td>\n<td align=\"left\">80 m<\/td>\n<\/tr>\n<\/tbody>\n<\/table>\n<\/div>\n<div class=\"fusion-sep-clear\"><\/div><div class=\"fusion-separator fusion-full-width-sep\" style=\"margin-left: auto;margin-right: auto;margin-top:10px;width:100%;\"><\/div><div class=\"fusion-sep-clear\"><\/div><div class=\"fusion-text fusion-text-6\"><p>More information can be found in our brochure: GB 60<\/p>\n<\/div><div class=\"fusion-button-wrapper\"><a class=\"fusion-button button-flat fusion-button-default-size button-default fusion-button-default button-4 fusion-button-default-span fusion-button-default-type\" target=\"_blank\" rel=\"noopener noreferrer\" href=\"https:\/\/ecodrill.es\/wp-content\/uploads\/2019\/04\/GB_60_Low_Headroom_EN_905.783.2.pdf\" id=\"button_download\"><i class=\"fa-file-pdf fas button-icon-left\" aria-hidden=\"true\"><\/i><span class=\"fusion-button-text\">DOWNLOAD BROCHURE GB 60<\/span><\/a><\/div><div class=\"fusion-clearfix\"><\/div><\/div><\/div><\/div><\/div>\n","protected":false},"excerpt":{"rendered":"","protected":false},"author":1,"featured_media":0,"parent":0,"menu_order":0,"comment_status":"closed","ping_status":"closed","template":"","meta":{"_bbp_topic_count":0,"_bbp_reply_count":0,"_bbp_total_topic_count":0,"_bbp_total_reply_count":0,"_bbp_voice_count":0,"_bbp_anonymous_reply_count":0,"_bbp_topic_count_hidden":0,"_bbp_reply_count_hidden":0,"_bbp_forum_subforum_count":0,"footnotes":""},"yoast_head":"<!-- This site is optimized with the Yoast SEO plugin v21.5 - https:\/\/yoast.com\/wordpress\/plugins\/seo\/ -->\n<title>Grabs - Soluciones para ingenier\u00eda civil en el sector de la construcci\u00f3n | Ecodrill - Baudrill<\/title>\n<meta name=\"robots\" content=\"index, follow, max-snippet:-1, max-image-preview:large, max-video-preview:-1\" \/>\n<link rel=\"canonical\" href=\"https:\/\/ecodrill.es\/en\/grabs\/\" \/>\n<meta property=\"og:locale\" content=\"en_US\" \/>\n<meta property=\"og:type\" content=\"article\" \/>\n<meta property=\"og:title\" content=\"Grabs - Soluciones para ingenier\u00eda civil en el sector de la construcci\u00f3n | Ecodrill - Baudrill\" \/>\n<meta property=\"og:url\" content=\"https:\/\/ecodrill.es\/en\/grabs\/\" \/>\n<meta property=\"og:site_name\" content=\"Soluciones para ingenier\u00eda civil en el sector de la construcci\u00f3n | Ecodrill - Baudrill\" \/>\n<meta property=\"article:modified_time\" content=\"2019-04-16T16:41:25+00:00\" \/>\n<meta property=\"og:image\" content=\"http:\/\/ecodrill.es\/wp-content\/uploads\/2018\/11\/5-grab-system.jpg\" \/>\n<meta name=\"twitter:card\" content=\"summary_large_image\" \/>\n<meta name=\"twitter:label1\" content=\"Est. reading time\" \/>\n\t<meta name=\"twitter:data1\" content=\"8 minutes\" \/>\n<script type=\"application\/ld+json\" class=\"yoast-schema-graph\">{\"@context\":\"https:\/\/schema.org\",\"@graph\":[{\"@type\":\"WebPage\",\"@id\":\"https:\/\/ecodrill.es\/en\/grabs\/\",\"url\":\"https:\/\/ecodrill.es\/en\/grabs\/\",\"name\":\"Grabs - Soluciones para ingenier\u00eda civil en el sector de la construcci\u00f3n | Ecodrill - Baudrill\",\"isPartOf\":{\"@id\":\"https:\/\/ecodrill.es\/en\/#website\"},\"datePublished\":\"2018-11-07T11:49:49+00:00\",\"dateModified\":\"2019-04-16T16:41:25+00:00\",\"breadcrumb\":{\"@id\":\"https:\/\/ecodrill.es\/en\/grabs\/#breadcrumb\"},\"inLanguage\":\"en-US\",\"potentialAction\":[{\"@type\":\"ReadAction\",\"target\":[\"https:\/\/ecodrill.es\/en\/grabs\/\"]}]},{\"@type\":\"BreadcrumbList\",\"@id\":\"https:\/\/ecodrill.es\/en\/grabs\/#breadcrumb\",\"itemListElement\":[{\"@type\":\"ListItem\",\"position\":1,\"name\":\"Portada\",\"item\":\"https:\/\/ecodrill.es\/en\/\"},{\"@type\":\"ListItem\",\"position\":2,\"name\":\"Grabs\"}]},{\"@type\":\"WebSite\",\"@id\":\"https:\/\/ecodrill.es\/en\/#website\",\"url\":\"https:\/\/ecodrill.es\/en\/\",\"name\":\"Soluciones para ingenier\u00eda civil en el sector de la construcci\u00f3n | Ecodrill - Baudrill\",\"description\":\"Distribuidor autorizado de BAUER Maschinen GmbH, tenemos una amplia experiencia en el sector de la construcci\u00f3n, con presencia en Espa\u00f1a, Per\u00fa y Ecuador.\",\"potentialAction\":[{\"@type\":\"SearchAction\",\"target\":{\"@type\":\"EntryPoint\",\"urlTemplate\":\"https:\/\/ecodrill.es\/en\/?s={search_term_string}\"},\"query-input\":\"required name=search_term_string\"}],\"inLanguage\":\"en-US\"}]}<\/script>\n<!-- \/ Yoast SEO plugin. -->","yoast_head_json":{"title":"Grabs - Soluciones para ingenier\u00eda civil en el sector de la construcci\u00f3n | Ecodrill - Baudrill","robots":{"index":"index","follow":"follow","max-snippet":"max-snippet:-1","max-image-preview":"max-image-preview:large","max-video-preview":"max-video-preview:-1"},"canonical":"https:\/\/ecodrill.es\/en\/grabs\/","og_locale":"en_US","og_type":"article","og_title":"Grabs - Soluciones para ingenier\u00eda civil en el sector de la construcci\u00f3n | Ecodrill - Baudrill","og_url":"https:\/\/ecodrill.es\/en\/grabs\/","og_site_name":"Soluciones para ingenier\u00eda civil en el sector de la construcci\u00f3n | Ecodrill - Baudrill","article_modified_time":"2019-04-16T16:41:25+00:00","og_image":[{"url":"http:\/\/ecodrill.es\/wp-content\/uploads\/2018\/11\/5-grab-system.jpg"}],"twitter_card":"summary_large_image","twitter_misc":{"Est. reading time":"8 minutes"},"schema":{"@context":"https:\/\/schema.org","@graph":[{"@type":"WebPage","@id":"https:\/\/ecodrill.es\/en\/grabs\/","url":"https:\/\/ecodrill.es\/en\/grabs\/","name":"Grabs - Soluciones para ingenier\u00eda civil en el sector de la construcci\u00f3n | Ecodrill - Baudrill","isPartOf":{"@id":"https:\/\/ecodrill.es\/en\/#website"},"datePublished":"2018-11-07T11:49:49+00:00","dateModified":"2019-04-16T16:41:25+00:00","breadcrumb":{"@id":"https:\/\/ecodrill.es\/en\/grabs\/#breadcrumb"},"inLanguage":"en-US","potentialAction":[{"@type":"ReadAction","target":["https:\/\/ecodrill.es\/en\/grabs\/"]}]},{"@type":"BreadcrumbList","@id":"https:\/\/ecodrill.es\/en\/grabs\/#breadcrumb","itemListElement":[{"@type":"ListItem","position":1,"name":"Portada","item":"https:\/\/ecodrill.es\/en\/"},{"@type":"ListItem","position":2,"name":"Grabs"}]},{"@type":"WebSite","@id":"https:\/\/ecodrill.es\/en\/#website","url":"https:\/\/ecodrill.es\/en\/","name":"Soluciones para ingenier\u00eda civil en el sector de la construcci\u00f3n | Ecodrill - Baudrill","description":"Distribuidor autorizado de BAUER Maschinen GmbH, tenemos una amplia experiencia en el sector de la construcci\u00f3n, con presencia en Espa\u00f1a, Per\u00fa y Ecuador.","potentialAction":[{"@type":"SearchAction","target":{"@type":"EntryPoint","urlTemplate":"https:\/\/ecodrill.es\/en\/?s={search_term_string}"},"query-input":"required name=search_term_string"}],"inLanguage":"en-US"}]}},"_links":{"self":[{"href":"https:\/\/ecodrill.es\/en\/wp-json\/wp\/v2\/pages\/1008"}],"collection":[{"href":"https:\/\/ecodrill.es\/en\/wp-json\/wp\/v2\/pages"}],"about":[{"href":"https:\/\/ecodrill.es\/en\/wp-json\/wp\/v2\/types\/page"}],"author":[{"embeddable":true,"href":"https:\/\/ecodrill.es\/en\/wp-json\/wp\/v2\/users\/1"}],"replies":[{"embeddable":true,"href":"https:\/\/ecodrill.es\/en\/wp-json\/wp\/v2\/comments?post=1008"}],"version-history":[{"count":6,"href":"https:\/\/ecodrill.es\/en\/wp-json\/wp\/v2\/pages\/1008\/revisions"}],"predecessor-version":[{"id":1995,"href":"https:\/\/ecodrill.es\/en\/wp-json\/wp\/v2\/pages\/1008\/revisions\/1995"}],"wp:attachment":[{"href":"https:\/\/ecodrill.es\/en\/wp-json\/wp\/v2\/media?parent=1008"}],"curies":[{"name":"wp","href":"https:\/\/api.w.org\/{rel}","templated":true}]}}