{"id":1028,"date":"2018-11-07T12:27:34","date_gmt":"2018-11-07T12:27:34","guid":{"rendered":"http:\/\/ecodrill.es\/gruas-de-cimentacion\/"},"modified":"2019-04-16T16:43:38","modified_gmt":"2019-04-16T16:43:38","slug":"duty-cycle-crane","status":"publish","type":"page","link":"https:\/\/ecodrill.es\/en\/duty-cycle-crane\/","title":{"rendered":"Duty-Cycle Crane"},"content":{"rendered":"<div class=\"fusion-fullwidth fullwidth-box fusion-builder-row-1 nonhundred-percent-fullwidth non-hundred-percent-height-scrolling\" style=\"--awb-border-radius-top-left:0px;--awb-border-radius-top-right:0px;--awb-border-radius-bottom-right:0px;--awb-border-radius-bottom-left:0px;--awb-flex-wrap:wrap;\" ><div class=\"fusion-builder-row fusion-row\"><div class=\"fusion-layout-column fusion_builder_column fusion-builder-column-0 fusion_builder_column_1_1 1_1 fusion-one-full fusion-column-first fusion-column-last\" style=\"--awb-bg-size:cover;\"><div class=\"fusion-column-wrapper fusion-flex-column-wrapper-legacy\"><div class=\"fusion-text fusion-text-1\"><p><img decoding=\"async\" class=\"alignnone size-full wp-image-798\" src=\"http:\/\/ecodrill.es\/wp-content\/uploads\/2018\/11\/6-duty-circle-cranes-head.jpg\" alt=\"\" width=\"790\" height=\"304\" srcset=\"https:\/\/ecodrill.es\/wp-content\/uploads\/2018\/11\/6-duty-circle-cranes-head-200x77.jpg 200w, https:\/\/ecodrill.es\/wp-content\/uploads\/2018\/11\/6-duty-circle-cranes-head-300x115.jpg 300w, https:\/\/ecodrill.es\/wp-content\/uploads\/2018\/11\/6-duty-circle-cranes-head-400x154.jpg 400w, https:\/\/ecodrill.es\/wp-content\/uploads\/2018\/11\/6-duty-circle-cranes-head-500x192.jpg 500w, https:\/\/ecodrill.es\/wp-content\/uploads\/2018\/11\/6-duty-circle-cranes-head-600x231.jpg 600w, https:\/\/ecodrill.es\/wp-content\/uploads\/2018\/11\/6-duty-circle-cranes-head-700x269.jpg 700w, https:\/\/ecodrill.es\/wp-content\/uploads\/2018\/11\/6-duty-circle-cranes-head-768x296.jpg 768w, https:\/\/ecodrill.es\/wp-content\/uploads\/2018\/11\/6-duty-circle-cranes-head.jpg 790w\" sizes=\"(max-width: 790px) 100vw, 790px\" \/><\/p>\n<\/div><div class=\"fusion-clearfix\"><\/div><\/div><\/div><div class=\"fusion-layout-column fusion_builder_column fusion-builder-column-1 fusion_builder_column_1_1 1_1 fusion-one-full fusion-column-first fusion-column-last\" style=\"--awb-bg-size:cover;--awb-margin-bottom:60px;\"><div class=\"fusion-column-wrapper fusion-flex-column-wrapper-legacy\"><div class=\"fusion-title title fusion-title-1 fusion-title-text fusion-title-size-two\"><h2 class=\"fusion-title-heading title-heading-left\" style=\"margin:0;\"><strong>Overview Duty-Cycle Cranes<\/strong><\/h2><span class=\"awb-title-spacer\"><\/span><div class=\"title-sep-container\"><div class=\"title-sep sep-double sep-solid\" style=\"border-color:#e0dede;\"><\/div><\/div><\/div><div class=\"fusion-text fusion-text-2\"><p>Competence based on decades of experience in specialist foundation engineering, coupled with innovative design capability and meticulous workmanship in state-of-the-art production facilities &#8211; in Bauer this is applied constantly in the development and manufacture of our duty-cycle cranes &#8211; for the benefit of our customers. The exceptional strength of the MC duty-cycle cranes lies in a systematic focus on the requirements of specialist foundation engineering construction. This is manifested both in the basic design and in a wealth of structural details.<\/p>\n<\/div><div class=\"fusion-clearfix\"><\/div><\/div><\/div><div class=\"fusion-layout-column fusion_builder_column fusion-builder-column-2 fusion_builder_column_1_1 1_1 fusion-one-full fusion-column-first fusion-column-last\" style=\"--awb-bg-size:cover;\"><div class=\"fusion-column-wrapper fusion-flex-column-wrapper-legacy\"><div class=\"fusion-title title fusion-title-2 fusion-title-text fusion-title-size-two\"><h2 class=\"fusion-title-heading title-heading-left\" style=\"margin:0;\"><strong>MC 76<\/strong><\/h2><span class=\"awb-title-spacer\"><\/span><div class=\"title-sep-container\"><div class=\"title-sep sep-double sep-solid\" style=\"border-color:#e0dede;\"><\/div><\/div><\/div>\n<div class=\"table-1\">\n<table width=\"100%\">\n<tbody>\n<tr>\n<td align=\"left\">Engine<\/td>\n<td align=\"left\">CAT C18<\/td>\n<\/tr>\n<tr>\n<td align=\"left\">Engine Power<\/td>\n<td align=\"left\">570 kW<\/td>\n<\/tr>\n<tr>\n<td align=\"left\">Main winches<\/td>\n<td align=\"left\">2 x 300 kN<\/td>\n<\/tr>\n<tr>\n<td align=\"left\">Boom length<\/td>\n<td align=\"left\">42,4 m<\/td>\n<\/tr>\n<tr>\n<td align=\"left\">Max. Lifiting capacity<\/td>\n<td align=\"left\">90 t<\/td>\n<\/tr>\n<tr>\n<td align=\"left\">Operating weight (app.)<\/td>\n<td align=\"left\">99 t<\/td>\n<\/tr>\n<\/tbody>\n<\/table>\n<\/div>\n<div class=\"fusion-sep-clear\"><\/div><div class=\"fusion-separator fusion-full-width-sep\" style=\"margin-left: auto;margin-right: auto;margin-top:10px;width:100%;\"><\/div><div class=\"fusion-sep-clear\"><\/div><div class=\"fusion-text fusion-text-3\"><p>More information can be found in our brochure:\u00a0 MC 76<\/p>\n<\/div><div class=\"fusion-button-wrapper\"><a class=\"fusion-button button-flat fusion-button-default-size button-default fusion-button-default button-1 fusion-button-default-span fusion-button-default-type\" target=\"_blank\" rel=\"noopener noreferrer\" href=\"https:\/\/ecodrill.es\/wp-content\/uploads\/2019\/04\/MC_76_Duty-Cycle-Crane_EN_905_772.2.pdf\" id=\"button_download\"><i class=\"fa-file-pdf fas button-icon-left\" aria-hidden=\"true\"><\/i><span class=\"fusion-button-text\">DOWNLOAD BROCHURE MC 76<\/span><\/a><\/div><div class=\"fusion-sep-clear\"><\/div><div class=\"fusion-separator fusion-full-width-sep\" style=\"margin-left: auto;margin-right: auto;margin-top:10px;width:100%;\"><\/div><div class=\"fusion-sep-clear\"><\/div><div class=\"fusion-sep-clear\"><\/div><div class=\"fusion-separator fusion-full-width-sep\" style=\"margin-left: auto;margin-right: auto;margin-top:10px;width:100%;\"><\/div><div class=\"fusion-sep-clear\"><\/div><div class=\"fusion-clearfix\"><\/div><\/div><\/div><div class=\"fusion-layout-column fusion_builder_column fusion-builder-column-3 fusion_builder_column_1_1 1_1 fusion-one-full fusion-column-first fusion-column-last\" style=\"--awb-bg-size:cover;\"><div class=\"fusion-column-wrapper fusion-flex-column-wrapper-legacy\"><div class=\"fusion-title title fusion-title-3 fusion-title-text fusion-title-size-two\"><h2 class=\"fusion-title-heading title-heading-left\" style=\"margin:0;\"><strong>MC 86<\/strong><\/h2><span class=\"awb-title-spacer\"><\/span><div class=\"title-sep-container\"><div class=\"title-sep sep-double sep-solid\" style=\"border-color:#e0dede;\"><\/div><\/div><\/div>\n<div class=\"table-1\">\n<table width=\"100%\">\n<tbody>\n<tr>\n<td align=\"left\">Engine<\/td>\n<td align=\"left\">CAT C18<\/td>\n<\/tr>\n<tr>\n<td align=\"left\">Engine Power<\/td>\n<td align=\"left\">570 kW<\/td>\n<\/tr>\n<tr>\n<td align=\"left\">Main winches<\/td>\n<td align=\"left\">2 x 300 kN<\/td>\n<\/tr>\n<tr>\n<td align=\"left\">Boom length<\/td>\n<td align=\"left\">48,4 m<\/td>\n<\/tr>\n<tr>\n<td align=\"left\">Max. Lifiting capacity<\/td>\n<td align=\"left\">110 t<\/td>\n<\/tr>\n<tr>\n<td align=\"left\">Operating weight (app.)<\/td>\n<td align=\"left\">105 t<\/td>\n<\/tr>\n<\/tbody>\n<\/table>\n<\/div>\n<div class=\"fusion-sep-clear\"><\/div><div class=\"fusion-separator fusion-full-width-sep\" style=\"margin-left: auto;margin-right: auto;margin-top:10px;width:100%;\"><\/div><div class=\"fusion-sep-clear\"><\/div><div class=\"fusion-text fusion-text-4\"><p>More information can be found in our brochure:\u00a0 MC 86<\/p>\n<\/div><div class=\"fusion-button-wrapper\"><a class=\"fusion-button button-flat fusion-button-default-size button-default fusion-button-default button-2 fusion-button-default-span fusion-button-default-type\" target=\"_blank\" rel=\"noopener noreferrer\" href=\"https:\/\/ecodrill.es\/wp-content\/uploads\/2019\/04\/MC_86_Duty_Cycle_Crane_EN_905_762_2.pdf\" id=\"button_download\"><i class=\"fa-file-pdf fas button-icon-left\" aria-hidden=\"true\"><\/i><span class=\"fusion-button-text\">DOWNLOAD BROCHURE MC 86<\/span><\/a><\/div><div class=\"fusion-sep-clear\"><\/div><div class=\"fusion-separator fusion-full-width-sep\" style=\"margin-left: auto;margin-right: auto;margin-top:10px;width:100%;\"><\/div><div class=\"fusion-sep-clear\"><\/div><div class=\"fusion-sep-clear\"><\/div><div class=\"fusion-separator fusion-full-width-sep\" style=\"margin-left: auto;margin-right: auto;margin-top:10px;width:100%;\"><\/div><div class=\"fusion-sep-clear\"><\/div><div class=\"fusion-clearfix\"><\/div><\/div><\/div><div class=\"fusion-layout-column fusion_builder_column fusion-builder-column-4 fusion_builder_column_1_1 1_1 fusion-one-full fusion-column-first fusion-column-last\" style=\"--awb-bg-size:cover;\"><div class=\"fusion-column-wrapper fusion-flex-column-wrapper-legacy\"><div class=\"fusion-title title fusion-title-4 fusion-title-text fusion-title-size-two\"><h2 class=\"fusion-title-heading title-heading-left\" style=\"margin:0;\"><strong>MC 96<\/strong><\/h2><span class=\"awb-title-spacer\"><\/span><div class=\"title-sep-container\"><div class=\"title-sep sep-double sep-solid\" style=\"border-color:#e0dede;\"><\/div><\/div><\/div>\n<div class=\"table-1\">\n<table width=\"100%\">\n<tbody>\n<tr>\n<td align=\"left\">Engine<\/td>\n<td align=\"left\">CAT C18<\/td>\n<\/tr>\n<tr>\n<td align=\"left\">Engine Power<\/td>\n<td align=\"left\">570 kW<\/td>\n<\/tr>\n<tr>\n<td align=\"left\">Main winches<\/td>\n<td align=\"left\">2 x 350 kN<\/td>\n<\/tr>\n<tr>\n<td align=\"left\">Boom length<\/td>\n<td align=\"left\">45.4 m<\/td>\n<\/tr>\n<tr>\n<td align=\"left\">Max. Lifiting capacity<\/td>\n<td align=\"left\">130 t<\/td>\n<\/tr>\n<tr>\n<td align=\"left\">Operating weight (app.)<\/td>\n<td align=\"left\">120 t<\/td>\n<\/tr>\n<\/tbody>\n<\/table>\n<\/div>\n<div class=\"fusion-sep-clear\"><\/div><div class=\"fusion-separator fusion-full-width-sep\" style=\"margin-left: auto;margin-right: auto;margin-top:10px;width:100%;\"><\/div><div class=\"fusion-sep-clear\"><\/div><div class=\"fusion-text fusion-text-5\"><p>More information can be found in our brochure:\u00a0 MC 96<\/p>\n<\/div><div class=\"fusion-button-wrapper\"><a class=\"fusion-button button-flat fusion-button-default-size button-default fusion-button-default button-3 fusion-button-default-span fusion-button-default-type\" target=\"_blank\" rel=\"noopener noreferrer\" href=\"https:\/\/ecodrill.es\/wp-content\/uploads\/2019\/04\/MC_96_Duty_Cycle_Crane_EN_905_673_2.pdf\" id=\"button_download\"><i class=\"fa-file-pdf fas button-icon-left\" aria-hidden=\"true\"><\/i><span class=\"fusion-button-text\">DOWNLOAD BROCHURE MC 96<\/span><\/a><\/div><div class=\"fusion-clearfix\"><\/div><\/div><\/div><div class=\"fusion-layout-column fusion_builder_column fusion-builder-column-5 fusion_builder_column_1_1 1_1 fusion-one-full fusion-column-first fusion-column-last\" style=\"--awb-bg-size:cover;\"><div class=\"fusion-column-wrapper fusion-flex-column-wrapper-legacy\"><div class=\"fusion-title title fusion-title-5 fusion-title-text fusion-title-size-two\"><h2 class=\"fusion-title-heading title-heading-left\" style=\"margin:0;\"><strong>MC 128<\/strong><\/h2><span class=\"awb-title-spacer\"><\/span><div class=\"title-sep-container\"><div class=\"title-sep sep-double sep-solid\" style=\"border-color:#e0dede;\"><\/div><\/div><\/div>\n<div class=\"table-1\">\n<table width=\"100%\">\n<tbody>\n<tr>\n<td align=\"left\">Engine<\/td>\n<td align=\"left\">CAT C27<\/td>\n<\/tr>\n<tr>\n<td align=\"left\">Engine Power<\/td>\n<td align=\"left\">709 kW<\/td>\n<\/tr>\n<tr>\n<td align=\"left\">Main winches<\/td>\n<td align=\"left\">2 x 350 kN<\/td>\n<\/tr>\n<tr>\n<td align=\"left\">Boom length<\/td>\n<td align=\"left\">54.4 m<\/td>\n<\/tr>\n<tr>\n<td align=\"left\">Max. Lifiting capacity<\/td>\n<td align=\"left\">200 t<\/td>\n<\/tr>\n<tr>\n<td align=\"left\">Operating weight (app.)<\/td>\n<td align=\"left\">170 t<\/td>\n<\/tr>\n<\/tbody>\n<\/table>\n<\/div>\n<div class=\"fusion-sep-clear\"><\/div><div class=\"fusion-separator fusion-full-width-sep\" style=\"margin-left: auto;margin-right: auto;margin-top:10px;width:100%;\"><\/div><div class=\"fusion-sep-clear\"><\/div><div class=\"fusion-text fusion-text-6\"><p>More information can be found in our brochure:\u00a0 MC 128<\/p>\n<\/div><div class=\"fusion-button-wrapper\"><a class=\"fusion-button button-flat fusion-button-default-size button-default fusion-button-default button-4 fusion-button-default-span fusion-button-default-type\" target=\"_blank\" rel=\"noopener noreferrer\" href=\"https:\/\/ecodrill.es\/wp-content\/uploads\/2019\/04\/MC_128_EN_905-659-2.pdf\" id=\"button_download\"><i class=\"fa-file-pdf fas button-icon-left\" aria-hidden=\"true\"><\/i><span class=\"fusion-button-text\">DOWNLOAD BROCHURE MC 128<\/span><\/a><\/div><div class=\"fusion-clearfix\"><\/div><\/div><\/div><\/div><\/div>\n","protected":false},"excerpt":{"rendered":"","protected":false},"author":1,"featured_media":0,"parent":0,"menu_order":0,"comment_status":"closed","ping_status":"closed","template":"","meta":{"_bbp_topic_count":0,"_bbp_reply_count":0,"_bbp_total_topic_count":0,"_bbp_total_reply_count":0,"_bbp_voice_count":0,"_bbp_anonymous_reply_count":0,"_bbp_topic_count_hidden":0,"_bbp_reply_count_hidden":0,"_bbp_forum_subforum_count":0,"footnotes":""},"yoast_head":"<!-- This site is optimized with the Yoast SEO plugin v21.5 - https:\/\/yoast.com\/wordpress\/plugins\/seo\/ -->\n<title>Duty-Cycle Crane - Soluciones para ingenier\u00eda civil en el sector de la construcci\u00f3n | Ecodrill - Baudrill<\/title>\n<meta name=\"robots\" content=\"index, follow, max-snippet:-1, max-image-preview:large, max-video-preview:-1\" \/>\n<link rel=\"canonical\" href=\"https:\/\/ecodrill.es\/en\/duty-cycle-crane\/\" \/>\n<meta property=\"og:locale\" content=\"en_US\" \/>\n<meta property=\"og:type\" content=\"article\" \/>\n<meta property=\"og:title\" content=\"Duty-Cycle Crane - Soluciones para ingenier\u00eda civil en el sector de la construcci\u00f3n | Ecodrill - Baudrill\" \/>\n<meta property=\"og:url\" content=\"https:\/\/ecodrill.es\/en\/duty-cycle-crane\/\" \/>\n<meta property=\"og:site_name\" content=\"Soluciones para ingenier\u00eda civil en el sector de la construcci\u00f3n | Ecodrill - Baudrill\" \/>\n<meta property=\"article:modified_time\" content=\"2019-04-16T16:43:38+00:00\" \/>\n<meta property=\"og:image\" content=\"http:\/\/ecodrill.es\/wp-content\/uploads\/2018\/11\/6-duty-circle-cranes-head.jpg\" \/>\n<meta name=\"twitter:card\" content=\"summary_large_image\" \/>\n<meta name=\"twitter:label1\" content=\"Est. reading time\" \/>\n\t<meta name=\"twitter:data1\" content=\"8 minutes\" \/>\n<script type=\"application\/ld+json\" class=\"yoast-schema-graph\">{\"@context\":\"https:\/\/schema.org\",\"@graph\":[{\"@type\":\"WebPage\",\"@id\":\"https:\/\/ecodrill.es\/en\/duty-cycle-crane\/\",\"url\":\"https:\/\/ecodrill.es\/en\/duty-cycle-crane\/\",\"name\":\"Duty-Cycle Crane - Soluciones para ingenier\u00eda civil en el sector de la construcci\u00f3n | Ecodrill - Baudrill\",\"isPartOf\":{\"@id\":\"https:\/\/ecodrill.es\/en\/#website\"},\"datePublished\":\"2018-11-07T12:27:34+00:00\",\"dateModified\":\"2019-04-16T16:43:38+00:00\",\"breadcrumb\":{\"@id\":\"https:\/\/ecodrill.es\/en\/duty-cycle-crane\/#breadcrumb\"},\"inLanguage\":\"en-US\",\"potentialAction\":[{\"@type\":\"ReadAction\",\"target\":[\"https:\/\/ecodrill.es\/en\/duty-cycle-crane\/\"]}]},{\"@type\":\"BreadcrumbList\",\"@id\":\"https:\/\/ecodrill.es\/en\/duty-cycle-crane\/#breadcrumb\",\"itemListElement\":[{\"@type\":\"ListItem\",\"position\":1,\"name\":\"Portada\",\"item\":\"https:\/\/ecodrill.es\/en\/\"},{\"@type\":\"ListItem\",\"position\":2,\"name\":\"Duty-Cycle Crane\"}]},{\"@type\":\"WebSite\",\"@id\":\"https:\/\/ecodrill.es\/en\/#website\",\"url\":\"https:\/\/ecodrill.es\/en\/\",\"name\":\"Soluciones para ingenier\u00eda civil en el sector de la construcci\u00f3n | Ecodrill - Baudrill\",\"description\":\"Distribuidor autorizado de BAUER Maschinen GmbH, tenemos una amplia experiencia en el sector de la construcci\u00f3n, con presencia en Espa\u00f1a, Per\u00fa y Ecuador.\",\"potentialAction\":[{\"@type\":\"SearchAction\",\"target\":{\"@type\":\"EntryPoint\",\"urlTemplate\":\"https:\/\/ecodrill.es\/en\/?s={search_term_string}\"},\"query-input\":\"required name=search_term_string\"}],\"inLanguage\":\"en-US\"}]}<\/script>\n<!-- \/ Yoast SEO plugin. -->","yoast_head_json":{"title":"Duty-Cycle Crane - Soluciones para ingenier\u00eda civil en el sector de la construcci\u00f3n | Ecodrill - Baudrill","robots":{"index":"index","follow":"follow","max-snippet":"max-snippet:-1","max-image-preview":"max-image-preview:large","max-video-preview":"max-video-preview:-1"},"canonical":"https:\/\/ecodrill.es\/en\/duty-cycle-crane\/","og_locale":"en_US","og_type":"article","og_title":"Duty-Cycle Crane - Soluciones para ingenier\u00eda civil en el sector de la construcci\u00f3n | Ecodrill - Baudrill","og_url":"https:\/\/ecodrill.es\/en\/duty-cycle-crane\/","og_site_name":"Soluciones para ingenier\u00eda civil en el sector de la construcci\u00f3n | Ecodrill - Baudrill","article_modified_time":"2019-04-16T16:43:38+00:00","og_image":[{"url":"http:\/\/ecodrill.es\/wp-content\/uploads\/2018\/11\/6-duty-circle-cranes-head.jpg"}],"twitter_card":"summary_large_image","twitter_misc":{"Est. reading time":"8 minutes"},"schema":{"@context":"https:\/\/schema.org","@graph":[{"@type":"WebPage","@id":"https:\/\/ecodrill.es\/en\/duty-cycle-crane\/","url":"https:\/\/ecodrill.es\/en\/duty-cycle-crane\/","name":"Duty-Cycle Crane - Soluciones para ingenier\u00eda civil en el sector de la construcci\u00f3n | Ecodrill - Baudrill","isPartOf":{"@id":"https:\/\/ecodrill.es\/en\/#website"},"datePublished":"2018-11-07T12:27:34+00:00","dateModified":"2019-04-16T16:43:38+00:00","breadcrumb":{"@id":"https:\/\/ecodrill.es\/en\/duty-cycle-crane\/#breadcrumb"},"inLanguage":"en-US","potentialAction":[{"@type":"ReadAction","target":["https:\/\/ecodrill.es\/en\/duty-cycle-crane\/"]}]},{"@type":"BreadcrumbList","@id":"https:\/\/ecodrill.es\/en\/duty-cycle-crane\/#breadcrumb","itemListElement":[{"@type":"ListItem","position":1,"name":"Portada","item":"https:\/\/ecodrill.es\/en\/"},{"@type":"ListItem","position":2,"name":"Duty-Cycle Crane"}]},{"@type":"WebSite","@id":"https:\/\/ecodrill.es\/en\/#website","url":"https:\/\/ecodrill.es\/en\/","name":"Soluciones para ingenier\u00eda civil en el sector de la construcci\u00f3n | Ecodrill - Baudrill","description":"Distribuidor autorizado de BAUER Maschinen GmbH, tenemos una amplia experiencia en el sector de la construcci\u00f3n, con presencia en Espa\u00f1a, Per\u00fa y Ecuador.","potentialAction":[{"@type":"SearchAction","target":{"@type":"EntryPoint","urlTemplate":"https:\/\/ecodrill.es\/en\/?s={search_term_string}"},"query-input":"required name=search_term_string"}],"inLanguage":"en-US"}]}},"_links":{"self":[{"href":"https:\/\/ecodrill.es\/en\/wp-json\/wp\/v2\/pages\/1028"}],"collection":[{"href":"https:\/\/ecodrill.es\/en\/wp-json\/wp\/v2\/pages"}],"about":[{"href":"https:\/\/ecodrill.es\/en\/wp-json\/wp\/v2\/types\/page"}],"author":[{"embeddable":true,"href":"https:\/\/ecodrill.es\/en\/wp-json\/wp\/v2\/users\/1"}],"replies":[{"embeddable":true,"href":"https:\/\/ecodrill.es\/en\/wp-json\/wp\/v2\/comments?post=1028"}],"version-history":[{"count":5,"href":"https:\/\/ecodrill.es\/en\/wp-json\/wp\/v2\/pages\/1028\/revisions"}],"predecessor-version":[{"id":1996,"href":"https:\/\/ecodrill.es\/en\/wp-json\/wp\/v2\/pages\/1028\/revisions\/1996"}],"wp:attachment":[{"href":"https:\/\/ecodrill.es\/en\/wp-json\/wp\/v2\/media?parent=1028"}],"curies":[{"name":"wp","href":"https:\/\/api.w.org\/{rel}","templated":true}]}}