{"id":1032,"date":"2018-09-28T10:02:57","date_gmt":"2018-09-28T10:02:57","guid":{"rendered":"http:\/\/ecodrill.es\/kelly-bars\/"},"modified":"2019-06-19T10:39:47","modified_gmt":"2019-06-19T10:39:47","slug":"kelly-bars","status":"publish","type":"page","link":"https:\/\/ecodrill.es\/en\/kelly-bars\/","title":{"rendered":"Kelly Bars"},"content":{"rendered":"<div class=\"fusion-fullwidth fullwidth-box fusion-builder-row-1 nonhundred-percent-fullwidth non-hundred-percent-height-scrolling\" style=\"--awb-border-radius-top-left:0px;--awb-border-radius-top-right:0px;--awb-border-radius-bottom-right:0px;--awb-border-radius-bottom-left:0px;--awb-flex-wrap:wrap;\" ><div class=\"fusion-builder-row fusion-row\"><div class=\"fusion-layout-column fusion_builder_column fusion-builder-column-0 fusion_builder_column_1_1 1_1 fusion-one-full fusion-column-first fusion-column-last\" style=\"--awb-bg-size:cover;--awb-margin-bottom:60px;\"><div class=\"fusion-column-wrapper fusion-flex-column-wrapper-legacy\"><div class=\"fusion-title title fusion-title-1 fusion-title-text fusion-title-size-two\"><h2 class=\"fusion-title-heading title-heading-left\" style=\"margin:0;\"><strong>Barras Kelly<\/strong><\/h2><span class=\"awb-title-spacer\"><\/span><div class=\"title-sep-container\"><div class=\"title-sep sep-double sep-solid\" style=\"border-color:#e0dede;\"><\/div><\/div><\/div><div class=\"fusion-builder-row fusion-builder-row-inner fusion-row\"><div class=\"fusion-layout-column fusion_builder_column_inner fusion-builder-nested-column-0 fusion_builder_column_inner_1_2 1_2 fusion-one-half fusion-column-first\" style=\"--awb-bg-size:cover;width:50%;width:calc(50% - ( ( 4% ) * 0.5 ) );margin-right: 4%;\"><div class=\"fusion-column-wrapper fusion-flex-column-wrapper-legacy\"><div class=\"fusion-text fusion-text-1\"><p>Las barras Kelly son componentes clave en la ejecuci\u00f3n de perforaciones con m\u00e1quinas perforadoras rotativas hidr\u00e1ulicas. Transfieren el par de giro del accionamiento rotativo y la presi\u00f3n de aglomeraci\u00f3n del sistema de aglomeraci\u00f3n al mismo tiempo que la herramienta de perforaci\u00f3n. Una barra Kelly consta de 2 a 5 secciones tubulares telesc\u00f3picas con un sistema de llaves de accionamiento y huecos de cerradura soldados a sus superficies exteriores. Las barras Kelly est\u00e1ndar se fabrican con un total de 6 llaves de accionamiento en cada secci\u00f3n. Las secciones tubulares Kelly est\u00e1n fabricadas con acero de alta resistencia para asegurar un peso m\u00ednimo con la resistencia adecuada.<\/p>\n<\/div><div class=\"fusion-clearfix\"><\/div><\/div><\/div><div class=\"fusion-layout-column fusion_builder_column_inner fusion-builder-nested-column-1 fusion_builder_column_inner_1_2 1_2 fusion-one-half fusion-column-last\" style=\"--awb-bg-size:cover;width:50%;width:calc(50% - ( ( 4% ) * 0.5 ) );\"><div class=\"fusion-column-wrapper fusion-flex-column-wrapper-legacy\"><div class=\"fusion-image-element in-legacy-container\" style=\"--awb-caption-title-font-family:var(--h2_typography-font-family);--awb-caption-title-font-weight:var(--h2_typography-font-weight);--awb-caption-title-font-style:var(--h2_typography-font-style);--awb-caption-title-size:var(--h2_typography-font-size);--awb-caption-title-transform:var(--h2_typography-text-transform);--awb-caption-title-line-height:var(--h2_typography-line-height);--awb-caption-title-letter-spacing:var(--h2_typography-letter-spacing);\"><span class=\" fusion-imageframe imageframe-none imageframe-1 hover-type-none\"><img decoding=\"async\" width=\"300\" height=\"189\" title=\"KELLY-BARS\" src=\"http:\/\/ecodrill.es\/wp-content\/uploads\/2018\/12\/KELLY-BARS-1.jpg\" alt class=\"img-responsive wp-image-1239\" srcset=\"https:\/\/ecodrill.es\/wp-content\/uploads\/2018\/12\/KELLY-BARS-1-200x126.jpg 200w, https:\/\/ecodrill.es\/wp-content\/uploads\/2018\/12\/KELLY-BARS-1.jpg 300w\" sizes=\"(max-width: 800px) 100vw, 300px\" \/><\/span><\/div><div class=\"fusion-clearfix\"><\/div><\/div><\/div><\/div><ul style=\"--awb-iconcolor:#2e3f8d;--awb-line-height:23.8px;--awb-icon-width:23.8px;--awb-icon-height:23.8px;--awb-icon-margin:9.8px;--awb-content-margin:33.6px;\" class=\"fusion-checklist fusion-checklist-1 fusion-checklist-default type-icons\"><li class=\"fusion-li-item\" style=\"\"><span class=\"icon-wrapper circle-no\"><i class=\"fusion-li-icon fa-check-circle fas\" aria-hidden=\"true\"><\/i><\/span><div class=\"fusion-li-item-content\">\n<p>2 a 5 secciones telesc\u00f3picas para profundidades de 15 &#8211; 100 m<\/p>\n<\/div><\/li><li class=\"fusion-li-item\" style=\"\"><span class=\"icon-wrapper circle-no\"><i class=\"fusion-li-icon fa-check-circle fas\" aria-hidden=\"true\"><\/i><\/span><div class=\"fusion-li-item-content\">\n<p>Transmisi\u00f3n de par de 120 &#8211; 480 kNm<\/p>\n<\/div><\/li><li class=\"fusion-li-item\" style=\"\"><span class=\"icon-wrapper circle-no\"><i class=\"fusion-li-icon fa-check-circle fas\" aria-hidden=\"true\"><\/i><\/span><div class=\"fusion-li-item-content\">\n<p>Barra Kelly completamente bloqueable (est\u00e1ndar para todas las m\u00e1quinas BG)<\/p>\n<\/div><\/li><li class=\"fusion-li-item\" style=\"\"><span class=\"icon-wrapper circle-no\"><i class=\"fusion-li-icon fa-check-circle fas\" aria-hidden=\"true\"><\/i><\/span><div class=\"fusion-li-item-content\">\n<p>Barra Kelly de fricci\u00f3n para accesorios de perforaci\u00f3n<\/p>\n<\/div><\/li><li class=\"fusion-li-item\" style=\"\"><span class=\"icon-wrapper circle-no\"><i class=\"fusion-li-icon fa-check-circle fas\" aria-hidden=\"true\"><\/i><\/span><div class=\"fusion-li-item-content\">\n<p>6 llaves de accionamiento con grandes huecos para cerraduras<\/p>\n<\/div><\/li><li class=\"fusion-li-item\" style=\"\"><span class=\"icon-wrapper circle-no\"><i class=\"fusion-li-icon fa-check-circle fas\" aria-hidden=\"true\"><\/i><\/span><div class=\"fusion-li-item-content\">\n<p>Sistema de amortiguaci\u00f3n por muelles<\/p>\n<\/div><\/li><li class=\"fusion-li-item\" style=\"\"><span class=\"icon-wrapper circle-no\"><i class=\"fusion-li-icon fa-check-circle fas\" aria-hidden=\"true\"><\/i><\/span><div class=\"fusion-li-item-content\">\n<p>Cabezal de accionamiento cuadrado estandarizado Kelly para todas las herramientas de perforaci\u00f3n<\/p>\n<\/div><\/li><li class=\"fusion-li-item\" style=\"\"><span class=\"icon-wrapper circle-no\"><i class=\"fusion-li-icon fa-check-circle fas\" aria-hidden=\"true\"><\/i><\/span><div class=\"fusion-li-item-content\">\n<p>Sistema de amortiguaci\u00f3n de ruido (opcional)<\/p>\n<\/div><\/li><\/ul><div class=\"fusion-sep-clear\"><\/div><div class=\"fusion-separator fusion-full-width-sep\" style=\"margin-left: auto;margin-right: auto;margin-top:10px;width:100%;\"><\/div><div class=\"fusion-sep-clear\"><\/div><div class=\"fusion-text fusion-text-2\"><p>Encontrar\u00e1 m\u00e1s informaci\u00f3n en nuestro folleto: Barras Kelly<\/p>\n<\/div><div class=\"fusion-button-wrapper\"><a class=\"fusion-button button-flat fusion-button-default-size button-default fusion-button-default button-1 fusion-button-default-span fusion-button-default-type\" target=\"_blank\" rel=\"noopener noreferrer\" href=\"http:\/\/ecodrill.es\/wp-content\/uploads\/2018\/09\/Ecodrill_Prueba.pdf\" id=\"button_download\"><i class=\"fa-file-pdf fas button-icon-left\" aria-hidden=\"true\"><\/i><span class=\"fusion-button-text\">DESCARGA<\/span><\/a><\/div><div class=\"fusion-clearfix\"><\/div><\/div><\/div><div class=\"fusion-layout-column fusion_builder_column fusion-builder-column-1 fusion_builder_column_1_1 1_1 fusion-one-full fusion-column-first fusion-column-last\" style=\"--awb-bg-size:cover;\"><div class=\"fusion-column-wrapper fusion-flex-column-wrapper-legacy\">\n<div class=\"table-1\">\n<table width=\"100%\">\n<thead>\n<tr>\n<th align=\"left\"><\/th>\n<th align=\"left\">BK 200<\/th>\n<th align=\"left\">BK 250<\/th>\n<th align=\"left\">BK 260<\/th>\n<th align=\"left\">BK 280<\/th>\n<th align=\"left\">BK 300<\/th>\n<th align=\"left\">BK 420<\/th>\n<th align=\"left\">BK 500<\/th>\n<th align=\"left\">BK 12<\/th>\n<th align=\"left\">BK 15<\/th>\n<\/tr>\n<\/thead>\n<tbody>\n<tr>\n<th align=\"left\">Gelatina exterior de diafragma (mm)<\/th>\n<td align=\"left\">360<\/td>\n<td align=\"left\">394<\/td>\n<td align=\"left\">394<\/td>\n<td align=\"left\">419<\/td>\n<td align=\"left\">419<\/td>\n<td align=\"left\">470<\/td>\n<td align=\"left\">559<\/td>\n<td align=\"left\">305<\/td>\n<td align=\"left\">343<\/td>\n<\/tr>\n<tr>\n<th align=\"left\">N\u00famero de elementos<\/th>\n<td align=\"left\">3\/4<\/td>\n<td align=\"left\">4<\/td>\n<td align=\"left\">3<\/td>\n<td align=\"left\">4<\/td>\n<td align=\"left\">3<\/td>\n<td align=\"left\">3\/4<\/td>\n<td align=\"left\">3\/4<\/td>\n<td align=\"left\">3\/4<\/td>\n<td align=\"left\">3\/4<\/td>\n<\/tr>\n<tr>\n<th align=\"left\">Sistema de adaptador de accionamiento<\/th>\n<td align=\"left\">I<\/td>\n<td align=\"left\">I<\/td>\n<td align=\"left\">I<\/td>\n<td align=\"left\">I<\/td>\n<td align=\"left\">I<\/td>\n<td align=\"left\">I<\/td>\n<td align=\"left\">I<\/td>\n<td align=\"left\">III<\/td>\n<td align=\"left\">II<\/td>\n<\/tr>\n<\/tbody>\n<\/table>\n<\/div>\n<div class=\"fusion-clearfix\"><\/div><\/div><\/div><\/div><\/div>\n","protected":false},"excerpt":{"rendered":"","protected":false},"author":1,"featured_media":0,"parent":0,"menu_order":0,"comment_status":"closed","ping_status":"closed","template":"","meta":{"_bbp_topic_count":0,"_bbp_reply_count":0,"_bbp_total_topic_count":0,"_bbp_total_reply_count":0,"_bbp_voice_count":0,"_bbp_anonymous_reply_count":0,"_bbp_topic_count_hidden":0,"_bbp_reply_count_hidden":0,"_bbp_forum_subforum_count":0,"footnotes":""},"yoast_head":"<!-- This site is optimized with the Yoast SEO plugin v21.5 - https:\/\/yoast.com\/wordpress\/plugins\/seo\/ -->\n<title>Kelly Bars - Soluciones para ingenier\u00eda civil en el sector de la construcci\u00f3n | Ecodrill - Baudrill<\/title>\n<meta name=\"robots\" content=\"index, follow, max-snippet:-1, max-image-preview:large, max-video-preview:-1\" \/>\n<link rel=\"canonical\" href=\"https:\/\/ecodrill.es\/en\/kelly-bars\/\" \/>\n<meta property=\"og:locale\" content=\"en_US\" \/>\n<meta property=\"og:type\" content=\"article\" \/>\n<meta property=\"og:title\" content=\"Kelly Bars - Soluciones para ingenier\u00eda civil en el sector de la construcci\u00f3n | Ecodrill - Baudrill\" \/>\n<meta property=\"og:url\" content=\"https:\/\/ecodrill.es\/en\/kelly-bars\/\" \/>\n<meta property=\"og:site_name\" content=\"Soluciones para ingenier\u00eda civil en el sector de la construcci\u00f3n | Ecodrill - Baudrill\" \/>\n<meta property=\"article:modified_time\" content=\"2019-06-19T10:39:47+00:00\" \/>\n<meta name=\"twitter:card\" content=\"summary_large_image\" \/>\n<meta name=\"twitter:label1\" content=\"Est. reading time\" \/>\n\t<meta name=\"twitter:data1\" content=\"5 minutes\" \/>\n<script type=\"application\/ld+json\" class=\"yoast-schema-graph\">{\"@context\":\"https:\/\/schema.org\",\"@graph\":[{\"@type\":\"WebPage\",\"@id\":\"https:\/\/ecodrill.es\/en\/kelly-bars\/\",\"url\":\"https:\/\/ecodrill.es\/en\/kelly-bars\/\",\"name\":\"Kelly Bars - Soluciones para ingenier\u00eda civil en el sector de la construcci\u00f3n | Ecodrill - Baudrill\",\"isPartOf\":{\"@id\":\"https:\/\/ecodrill.es\/en\/#website\"},\"datePublished\":\"2018-09-28T10:02:57+00:00\",\"dateModified\":\"2019-06-19T10:39:47+00:00\",\"breadcrumb\":{\"@id\":\"https:\/\/ecodrill.es\/en\/kelly-bars\/#breadcrumb\"},\"inLanguage\":\"en-US\",\"potentialAction\":[{\"@type\":\"ReadAction\",\"target\":[\"https:\/\/ecodrill.es\/en\/kelly-bars\/\"]}]},{\"@type\":\"BreadcrumbList\",\"@id\":\"https:\/\/ecodrill.es\/en\/kelly-bars\/#breadcrumb\",\"itemListElement\":[{\"@type\":\"ListItem\",\"position\":1,\"name\":\"Portada\",\"item\":\"https:\/\/ecodrill.es\/en\/\"},{\"@type\":\"ListItem\",\"position\":2,\"name\":\"Kelly Bars\"}]},{\"@type\":\"WebSite\",\"@id\":\"https:\/\/ecodrill.es\/en\/#website\",\"url\":\"https:\/\/ecodrill.es\/en\/\",\"name\":\"Soluciones para ingenier\u00eda civil en el sector de la construcci\u00f3n | Ecodrill - Baudrill\",\"description\":\"Distribuidor autorizado de BAUER Maschinen GmbH, tenemos una amplia experiencia en el sector de la construcci\u00f3n, con presencia en Espa\u00f1a, Per\u00fa y Ecuador.\",\"potentialAction\":[{\"@type\":\"SearchAction\",\"target\":{\"@type\":\"EntryPoint\",\"urlTemplate\":\"https:\/\/ecodrill.es\/en\/?s={search_term_string}\"},\"query-input\":\"required name=search_term_string\"}],\"inLanguage\":\"en-US\"}]}<\/script>\n<!-- \/ Yoast SEO plugin. -->","yoast_head_json":{"title":"Kelly Bars - Soluciones para ingenier\u00eda civil en el sector de la construcci\u00f3n | Ecodrill - Baudrill","robots":{"index":"index","follow":"follow","max-snippet":"max-snippet:-1","max-image-preview":"max-image-preview:large","max-video-preview":"max-video-preview:-1"},"canonical":"https:\/\/ecodrill.es\/en\/kelly-bars\/","og_locale":"en_US","og_type":"article","og_title":"Kelly Bars - Soluciones para ingenier\u00eda civil en el sector de la construcci\u00f3n | Ecodrill - Baudrill","og_url":"https:\/\/ecodrill.es\/en\/kelly-bars\/","og_site_name":"Soluciones para ingenier\u00eda civil en el sector de la construcci\u00f3n | Ecodrill - Baudrill","article_modified_time":"2019-06-19T10:39:47+00:00","twitter_card":"summary_large_image","twitter_misc":{"Est. reading time":"5 minutes"},"schema":{"@context":"https:\/\/schema.org","@graph":[{"@type":"WebPage","@id":"https:\/\/ecodrill.es\/en\/kelly-bars\/","url":"https:\/\/ecodrill.es\/en\/kelly-bars\/","name":"Kelly Bars - Soluciones para ingenier\u00eda civil en el sector de la construcci\u00f3n | Ecodrill - Baudrill","isPartOf":{"@id":"https:\/\/ecodrill.es\/en\/#website"},"datePublished":"2018-09-28T10:02:57+00:00","dateModified":"2019-06-19T10:39:47+00:00","breadcrumb":{"@id":"https:\/\/ecodrill.es\/en\/kelly-bars\/#breadcrumb"},"inLanguage":"en-US","potentialAction":[{"@type":"ReadAction","target":["https:\/\/ecodrill.es\/en\/kelly-bars\/"]}]},{"@type":"BreadcrumbList","@id":"https:\/\/ecodrill.es\/en\/kelly-bars\/#breadcrumb","itemListElement":[{"@type":"ListItem","position":1,"name":"Portada","item":"https:\/\/ecodrill.es\/en\/"},{"@type":"ListItem","position":2,"name":"Kelly Bars"}]},{"@type":"WebSite","@id":"https:\/\/ecodrill.es\/en\/#website","url":"https:\/\/ecodrill.es\/en\/","name":"Soluciones para ingenier\u00eda civil en el sector de la construcci\u00f3n | Ecodrill - Baudrill","description":"Distribuidor autorizado de BAUER Maschinen GmbH, tenemos una amplia experiencia en el sector de la construcci\u00f3n, con presencia en Espa\u00f1a, Per\u00fa y Ecuador.","potentialAction":[{"@type":"SearchAction","target":{"@type":"EntryPoint","urlTemplate":"https:\/\/ecodrill.es\/en\/?s={search_term_string}"},"query-input":"required name=search_term_string"}],"inLanguage":"en-US"}]}},"_links":{"self":[{"href":"https:\/\/ecodrill.es\/en\/wp-json\/wp\/v2\/pages\/1032"}],"collection":[{"href":"https:\/\/ecodrill.es\/en\/wp-json\/wp\/v2\/pages"}],"about":[{"href":"https:\/\/ecodrill.es\/en\/wp-json\/wp\/v2\/types\/page"}],"author":[{"embeddable":true,"href":"https:\/\/ecodrill.es\/en\/wp-json\/wp\/v2\/users\/1"}],"replies":[{"embeddable":true,"href":"https:\/\/ecodrill.es\/en\/wp-json\/wp\/v2\/comments?post=1032"}],"version-history":[{"count":7,"href":"https:\/\/ecodrill.es\/en\/wp-json\/wp\/v2\/pages\/1032\/revisions"}],"predecessor-version":[{"id":2115,"href":"https:\/\/ecodrill.es\/en\/wp-json\/wp\/v2\/pages\/1032\/revisions\/2115"}],"wp:attachment":[{"href":"https:\/\/ecodrill.es\/en\/wp-json\/wp\/v2\/media?parent=1032"}],"curies":[{"name":"wp","href":"https:\/\/api.w.org\/{rel}","templated":true}]}}