{"id":1036,"date":"2018-11-08T08:26:36","date_gmt":"2018-11-08T08:26:36","guid":{"rendered":"http:\/\/ecodrill.es\/mezcla-y-bombeo\/"},"modified":"2019-04-16T16:51:08","modified_gmt":"2019-04-16T16:51:08","slug":"mixing-and-pumping","status":"publish","type":"page","link":"https:\/\/ecodrill.es\/en\/mixing-and-pumping\/","title":{"rendered":"Mixing and Pumping"},"content":{"rendered":"<div class=\"fusion-fullwidth fullwidth-box fusion-builder-row-1 nonhundred-percent-fullwidth non-hundred-percent-height-scrolling\" style=\"--awb-border-radius-top-left:0px;--awb-border-radius-top-right:0px;--awb-border-radius-bottom-right:0px;--awb-border-radius-bottom-left:0px;--awb-flex-wrap:wrap;\" ><div class=\"fusion-builder-row fusion-row\"><div class=\"fusion-layout-column fusion_builder_column fusion-builder-column-0 fusion_builder_column_1_1 1_1 fusion-one-full fusion-column-first fusion-column-last\" style=\"--awb-bg-size:cover;\"><div class=\"fusion-column-wrapper fusion-flex-column-wrapper-legacy\"><div class=\"fusion-text fusion-text-1\"><p><img decoding=\"async\" class=\"alignnone size-full wp-image-845\" src=\"http:\/\/ecodrill.es\/wp-content\/uploads\/2018\/11\/8-mixing-and-pumping.jpg\" alt=\"\" width=\"790\" height=\"304\" srcset=\"https:\/\/ecodrill.es\/wp-content\/uploads\/2018\/11\/8-mixing-and-pumping-200x77.jpg 200w, https:\/\/ecodrill.es\/wp-content\/uploads\/2018\/11\/8-mixing-and-pumping-300x115.jpg 300w, https:\/\/ecodrill.es\/wp-content\/uploads\/2018\/11\/8-mixing-and-pumping-400x154.jpg 400w, https:\/\/ecodrill.es\/wp-content\/uploads\/2018\/11\/8-mixing-and-pumping-500x192.jpg 500w, https:\/\/ecodrill.es\/wp-content\/uploads\/2018\/11\/8-mixing-and-pumping-600x231.jpg 600w, https:\/\/ecodrill.es\/wp-content\/uploads\/2018\/11\/8-mixing-and-pumping-700x269.jpg 700w, https:\/\/ecodrill.es\/wp-content\/uploads\/2018\/11\/8-mixing-and-pumping-768x296.jpg 768w, https:\/\/ecodrill.es\/wp-content\/uploads\/2018\/11\/8-mixing-and-pumping.jpg 790w\" sizes=\"(max-width: 790px) 100vw, 790px\" \/><\/p>\n<\/div><div class=\"fusion-clearfix\"><\/div><\/div><\/div><div class=\"fusion-layout-column fusion_builder_column fusion-builder-column-1 fusion_builder_column_1_1 1_1 fusion-one-full fusion-column-first fusion-column-last\" style=\"--awb-bg-size:cover;--awb-margin-bottom:60px;\"><div class=\"fusion-column-wrapper fusion-flex-column-wrapper-legacy\"><div class=\"fusion-title title fusion-title-1 fusion-title-text fusion-title-size-two\"><h2 class=\"fusion-title-heading title-heading-left\" style=\"margin:0;\"><strong>Mixing and Pumping Technology<\/strong><\/h2><span class=\"awb-title-spacer\"><\/span><div class=\"title-sep-container\"><div class=\"title-sep sep-double sep-solid\" style=\"border-color:#e0dede;\"><\/div><\/div><\/div><div class=\"fusion-text fusion-text-2\"><p>Mixing and pumping technology comprises all of the products which are used for preparing\/ mixing solids and liquids, particularly in the specialist foundation engineering sector. In addition to mixing, this technology also includes the conveyance (pumping, storage and injection) of the mixed products.<\/p>\n<p>Further areas of application can be found in the tunneling sector and in the building materials industry.<\/p>\n<\/div><div class=\"fusion-clearfix\"><\/div><\/div><\/div><div class=\"fusion-layout-column fusion_builder_column fusion-builder-column-2 fusion_builder_column_1_1 1_1 fusion-one-full fusion-column-first fusion-column-last\" style=\"--awb-bg-size:cover;--awb-margin-bottom:60px;\"><div class=\"fusion-column-wrapper fusion-flex-column-wrapper-legacy\"><div class=\"fusion-title title fusion-title-2 fusion-title-text fusion-title-size-two\"><h2 class=\"fusion-title-heading title-heading-left\" style=\"margin:0;\"><strong>MAT Company Profile<\/strong><\/h2><span class=\"awb-title-spacer\"><\/span><div class=\"title-sep-container\"><div class=\"title-sep sep-double sep-solid\" style=\"border-color:#e0dede;\"><\/div><\/div><\/div><div class=\"fusion-text fusion-text-3\"><p>MAT is a German manufacturer and supplier of mixing and separation technology, based in Immenstadt-Seifen in the Allg\u00e4u region at the foothills of the Alps. For more than 27 years, we have been designing, developing and manufacturing state-of-the-art machinery and plant systems for mixing, pumping and separating slurries in the areas of specialist foundation engineering, tunnelling, construction material production and environmental technology.<\/p>\n<p>With innovative technology, accurate and detailed workmanship and practice-oriented know\u2011how, we have to this day significantly influenced the course of technological developments in the fields of mixing and separation technology.<\/p>\n<p>As a member of the BAUER Group, offer the optimal service of a major global corporation.<\/p>\n<p>With individual consulting, high-capacity production, competent and meticulous execution management systems and highly efficient services, we ensure the expected quality and reliability of our products for our customers. Renowned customers, both at home and abroad, are totally committed to our extensive product range and put their trust in us.<\/p>\n<\/div><div class=\"fusion-sep-clear\"><\/div><div class=\"fusion-separator fusion-full-width-sep\" style=\"margin-left: auto;margin-right: auto;margin-top:10px;width:100%;\"><\/div><div class=\"fusion-sep-clear\"><\/div><div class=\"fusion-text fusion-text-4\"><p>More information can be found in our brochure, Mat Product RangeMore information can be found in our brochure, Mat Product Range<\/p>\n<\/div><div class=\"fusion-button-wrapper\"><a class=\"fusion-button button-flat fusion-button-default-size button-default fusion-button-default button-1 fusion-button-default-span fusion-button-default-type\" target=\"_blank\" rel=\"noopener noreferrer\" href=\"https:\/\/ecodrill.es\/wp-content\/uploads\/2019\/04\/MAT_Product_Range_DE-EN_905_779_1_2.pdf\" id=\"button_download\"><i class=\"fa-file-pdf fas button-icon-left\" aria-hidden=\"true\"><\/i><span class=\"fusion-button-text\">DOWNLOAD BROCHURE MAT PRODUCT RANGE<\/span><\/a><\/div><div class=\"fusion-sep-clear\"><\/div><div class=\"fusion-separator fusion-full-width-sep\" style=\"margin-left: auto;margin-right: auto;margin-top:10px;width:100%;\"><\/div><div class=\"fusion-sep-clear\"><\/div><div class=\"fusion-text fusion-text-5\"><p>Or Link to MAT Web page: <a href=\"http:\/\/www.bauer-mat.de\">http:\/\/www.bauer-mat.de<\/a><\/p>\n<\/div><div class=\"fusion-clearfix\"><\/div><\/div><\/div><\/div><\/div>\n","protected":false},"excerpt":{"rendered":"","protected":false},"author":1,"featured_media":0,"parent":0,"menu_order":0,"comment_status":"closed","ping_status":"closed","template":"","meta":{"_bbp_topic_count":0,"_bbp_reply_count":0,"_bbp_total_topic_count":0,"_bbp_total_reply_count":0,"_bbp_voice_count":0,"_bbp_anonymous_reply_count":0,"_bbp_topic_count_hidden":0,"_bbp_reply_count_hidden":0,"_bbp_forum_subforum_count":0,"footnotes":""},"yoast_head":"<!-- This site is optimized with the Yoast SEO plugin v21.5 - https:\/\/yoast.com\/wordpress\/plugins\/seo\/ -->\n<title>Mixing and Pumping - Soluciones para ingenier\u00eda civil en el sector de la construcci\u00f3n | Ecodrill - Baudrill<\/title>\n<meta name=\"robots\" content=\"index, follow, max-snippet:-1, max-image-preview:large, max-video-preview:-1\" \/>\n<link rel=\"canonical\" href=\"https:\/\/ecodrill.es\/en\/mixing-and-pumping\/\" \/>\n<meta property=\"og:locale\" content=\"en_US\" \/>\n<meta property=\"og:type\" content=\"article\" \/>\n<meta property=\"og:title\" content=\"Mixing and Pumping - Soluciones para ingenier\u00eda civil en el sector de la construcci\u00f3n | Ecodrill - Baudrill\" \/>\n<meta property=\"og:url\" content=\"https:\/\/ecodrill.es\/en\/mixing-and-pumping\/\" \/>\n<meta property=\"og:site_name\" content=\"Soluciones para ingenier\u00eda civil en el sector de la construcci\u00f3n | Ecodrill - Baudrill\" \/>\n<meta property=\"article:modified_time\" content=\"2019-04-16T16:51:08+00:00\" \/>\n<meta property=\"og:image\" content=\"http:\/\/ecodrill.es\/wp-content\/uploads\/2018\/11\/8-mixing-and-pumping.jpg\" \/>\n<meta name=\"twitter:card\" content=\"summary_large_image\" \/>\n<meta name=\"twitter:label1\" content=\"Est. reading time\" \/>\n\t<meta name=\"twitter:data1\" content=\"4 minutes\" \/>\n<script type=\"application\/ld+json\" class=\"yoast-schema-graph\">{\"@context\":\"https:\/\/schema.org\",\"@graph\":[{\"@type\":\"WebPage\",\"@id\":\"https:\/\/ecodrill.es\/en\/mixing-and-pumping\/\",\"url\":\"https:\/\/ecodrill.es\/en\/mixing-and-pumping\/\",\"name\":\"Mixing and Pumping - Soluciones para ingenier\u00eda civil en el sector de la construcci\u00f3n | Ecodrill - Baudrill\",\"isPartOf\":{\"@id\":\"https:\/\/ecodrill.es\/en\/#website\"},\"datePublished\":\"2018-11-08T08:26:36+00:00\",\"dateModified\":\"2019-04-16T16:51:08+00:00\",\"breadcrumb\":{\"@id\":\"https:\/\/ecodrill.es\/en\/mixing-and-pumping\/#breadcrumb\"},\"inLanguage\":\"en-US\",\"potentialAction\":[{\"@type\":\"ReadAction\",\"target\":[\"https:\/\/ecodrill.es\/en\/mixing-and-pumping\/\"]}]},{\"@type\":\"BreadcrumbList\",\"@id\":\"https:\/\/ecodrill.es\/en\/mixing-and-pumping\/#breadcrumb\",\"itemListElement\":[{\"@type\":\"ListItem\",\"position\":1,\"name\":\"Portada\",\"item\":\"https:\/\/ecodrill.es\/en\/\"},{\"@type\":\"ListItem\",\"position\":2,\"name\":\"Mixing and Pumping\"}]},{\"@type\":\"WebSite\",\"@id\":\"https:\/\/ecodrill.es\/en\/#website\",\"url\":\"https:\/\/ecodrill.es\/en\/\",\"name\":\"Soluciones para ingenier\u00eda civil en el sector de la construcci\u00f3n | Ecodrill - Baudrill\",\"description\":\"Distribuidor autorizado de BAUER Maschinen GmbH, tenemos una amplia experiencia en el sector de la construcci\u00f3n, con presencia en Espa\u00f1a, Per\u00fa y Ecuador.\",\"potentialAction\":[{\"@type\":\"SearchAction\",\"target\":{\"@type\":\"EntryPoint\",\"urlTemplate\":\"https:\/\/ecodrill.es\/en\/?s={search_term_string}\"},\"query-input\":\"required name=search_term_string\"}],\"inLanguage\":\"en-US\"}]}<\/script>\n<!-- \/ Yoast SEO plugin. -->","yoast_head_json":{"title":"Mixing and Pumping - Soluciones para ingenier\u00eda civil en el sector de la construcci\u00f3n | Ecodrill - Baudrill","robots":{"index":"index","follow":"follow","max-snippet":"max-snippet:-1","max-image-preview":"max-image-preview:large","max-video-preview":"max-video-preview:-1"},"canonical":"https:\/\/ecodrill.es\/en\/mixing-and-pumping\/","og_locale":"en_US","og_type":"article","og_title":"Mixing and Pumping - Soluciones para ingenier\u00eda civil en el sector de la construcci\u00f3n | Ecodrill - Baudrill","og_url":"https:\/\/ecodrill.es\/en\/mixing-and-pumping\/","og_site_name":"Soluciones para ingenier\u00eda civil en el sector de la construcci\u00f3n | Ecodrill - Baudrill","article_modified_time":"2019-04-16T16:51:08+00:00","og_image":[{"url":"http:\/\/ecodrill.es\/wp-content\/uploads\/2018\/11\/8-mixing-and-pumping.jpg"}],"twitter_card":"summary_large_image","twitter_misc":{"Est. reading time":"4 minutes"},"schema":{"@context":"https:\/\/schema.org","@graph":[{"@type":"WebPage","@id":"https:\/\/ecodrill.es\/en\/mixing-and-pumping\/","url":"https:\/\/ecodrill.es\/en\/mixing-and-pumping\/","name":"Mixing and Pumping - Soluciones para ingenier\u00eda civil en el sector de la construcci\u00f3n | Ecodrill - Baudrill","isPartOf":{"@id":"https:\/\/ecodrill.es\/en\/#website"},"datePublished":"2018-11-08T08:26:36+00:00","dateModified":"2019-04-16T16:51:08+00:00","breadcrumb":{"@id":"https:\/\/ecodrill.es\/en\/mixing-and-pumping\/#breadcrumb"},"inLanguage":"en-US","potentialAction":[{"@type":"ReadAction","target":["https:\/\/ecodrill.es\/en\/mixing-and-pumping\/"]}]},{"@type":"BreadcrumbList","@id":"https:\/\/ecodrill.es\/en\/mixing-and-pumping\/#breadcrumb","itemListElement":[{"@type":"ListItem","position":1,"name":"Portada","item":"https:\/\/ecodrill.es\/en\/"},{"@type":"ListItem","position":2,"name":"Mixing and Pumping"}]},{"@type":"WebSite","@id":"https:\/\/ecodrill.es\/en\/#website","url":"https:\/\/ecodrill.es\/en\/","name":"Soluciones para ingenier\u00eda civil en el sector de la construcci\u00f3n | Ecodrill - Baudrill","description":"Distribuidor autorizado de BAUER Maschinen GmbH, tenemos una amplia experiencia en el sector de la construcci\u00f3n, con presencia en Espa\u00f1a, Per\u00fa y Ecuador.","potentialAction":[{"@type":"SearchAction","target":{"@type":"EntryPoint","urlTemplate":"https:\/\/ecodrill.es\/en\/?s={search_term_string}"},"query-input":"required name=search_term_string"}],"inLanguage":"en-US"}]}},"_links":{"self":[{"href":"https:\/\/ecodrill.es\/en\/wp-json\/wp\/v2\/pages\/1036"}],"collection":[{"href":"https:\/\/ecodrill.es\/en\/wp-json\/wp\/v2\/pages"}],"about":[{"href":"https:\/\/ecodrill.es\/en\/wp-json\/wp\/v2\/types\/page"}],"author":[{"embeddable":true,"href":"https:\/\/ecodrill.es\/en\/wp-json\/wp\/v2\/users\/1"}],"replies":[{"embeddable":true,"href":"https:\/\/ecodrill.es\/en\/wp-json\/wp\/v2\/comments?post=1036"}],"version-history":[{"count":5,"href":"https:\/\/ecodrill.es\/en\/wp-json\/wp\/v2\/pages\/1036\/revisions"}],"predecessor-version":[{"id":1997,"href":"https:\/\/ecodrill.es\/en\/wp-json\/wp\/v2\/pages\/1036\/revisions\/1997"}],"wp:attachment":[{"href":"https:\/\/ecodrill.es\/en\/wp-json\/wp\/v2\/media?parent=1036"}],"curies":[{"name":"wp","href":"https:\/\/api.w.org\/{rel}","templated":true}]}}