{"id":1064,"date":"2018-11-07T16:07:28","date_gmt":"2018-11-07T16:07:28","guid":{"rendered":"http:\/\/ecodrill.es\/tecnicas-separacion\/"},"modified":"2019-01-09T11:23:52","modified_gmt":"2019-01-09T11:23:52","slug":"separation-technology","status":"publish","type":"page","link":"https:\/\/ecodrill.es\/en\/separation-technology\/","title":{"rendered":"Separation Technology"},"content":{"rendered":"<div class=\"fusion-fullwidth fullwidth-box fusion-builder-row-1 nonhundred-percent-fullwidth non-hundred-percent-height-scrolling\" style=\"--awb-border-radius-top-left:0px;--awb-border-radius-top-right:0px;--awb-border-radius-bottom-right:0px;--awb-border-radius-bottom-left:0px;--awb-flex-wrap:wrap;\" ><div class=\"fusion-builder-row fusion-row\"><div class=\"fusion-layout-column fusion_builder_column fusion-builder-column-0 fusion_builder_column_1_1 1_1 fusion-one-full fusion-column-first fusion-column-last\" style=\"--awb-bg-size:cover;\"><div class=\"fusion-column-wrapper fusion-flex-column-wrapper-legacy\"><div class=\"fusion-text fusion-text-1\"><p><img decoding=\"async\" class=\"alignnone size-full wp-image-848\" src=\"http:\/\/ecodrill.es\/wp-content\/uploads\/2018\/11\/7-separation-technology-header.jpg\" alt=\"\" width=\"790\" height=\"304\" srcset=\"https:\/\/ecodrill.es\/wp-content\/uploads\/2018\/11\/7-separation-technology-header-200x77.jpg 200w, https:\/\/ecodrill.es\/wp-content\/uploads\/2018\/11\/7-separation-technology-header-300x115.jpg 300w, https:\/\/ecodrill.es\/wp-content\/uploads\/2018\/11\/7-separation-technology-header-400x154.jpg 400w, https:\/\/ecodrill.es\/wp-content\/uploads\/2018\/11\/7-separation-technology-header-500x192.jpg 500w, https:\/\/ecodrill.es\/wp-content\/uploads\/2018\/11\/7-separation-technology-header-600x231.jpg 600w, https:\/\/ecodrill.es\/wp-content\/uploads\/2018\/11\/7-separation-technology-header-700x269.jpg 700w, https:\/\/ecodrill.es\/wp-content\/uploads\/2018\/11\/7-separation-technology-header-768x296.jpg 768w, https:\/\/ecodrill.es\/wp-content\/uploads\/2018\/11\/7-separation-technology-header.jpg 790w\" sizes=\"(max-width: 790px) 100vw, 790px\" \/><\/p>\n<\/div><div class=\"fusion-clearfix\"><\/div><\/div><\/div><div class=\"fusion-layout-column fusion_builder_column fusion-builder-column-1 fusion_builder_column_1_1 1_1 fusion-one-full fusion-column-first fusion-column-last\" style=\"--awb-bg-size:cover;--awb-margin-bottom:60px;\"><div class=\"fusion-column-wrapper fusion-flex-column-wrapper-legacy\"><div class=\"fusion-title title fusion-title-1 fusion-title-text fusion-title-size-two\"><h2 class=\"fusion-title-heading title-heading-left\" style=\"margin:0;\">Separation Technology<\/h2><span class=\"awb-title-spacer\"><\/span><div class=\"title-sep-container\"><div class=\"title-sep sep-double sep-solid\" style=\"border-color:#e0dede;\"><\/div><\/div><\/div><div class=\"fusion-text fusion-text-2\"><p>Desanding plants are employed to remove soil particles in drilling muds and support slurries used in foundation engineering. They can be either water-bentonite, water-polymere, or water-cement and bentonite suspensions. Desanding plants have further applications in gravel pits, in the mining industry and in microtunnelling projects. The regeneration or cleaning capacity of a desanding plant is determined by the plant\u00b4s intake capacity of contaminated suspension. It is defined in m3\/h. The regeneration efficiency or the &#8220;significant cut-off point&#8221; d50 indicates the smallest particle size of which at least 50 % can be removed from a suspension. It is expressed in 1\/1000 mm or micron.<\/p>\n<p>The main components of all desanding plants are:<\/p>\n<\/div><ul style=\"--awb-iconcolor:#2e3f8d;--awb-line-height:23.8px;--awb-icon-width:23.8px;--awb-icon-height:23.8px;--awb-icon-margin:9.8px;--awb-content-margin:33.6px;\" class=\"fusion-checklist fusion-checklist-1 fusion-checklist-default type-icons\"><li class=\"fusion-li-item\" style=\"\"><span class=\"icon-wrapper circle-no\"><i class=\"fusion-li-icon fa-check-circle fas\" aria-hidden=\"true\"><\/i><\/span><div class=\"fusion-li-item-content\">\n<p>coarse screen for intercepting stones larger than 5 mm<\/p>\n<\/div><\/li><li class=\"fusion-li-item\" style=\"\"><span class=\"icon-wrapper circle-no\"><i class=\"fusion-li-icon fa-check-circle fas\" aria-hidden=\"true\"><\/i><\/span><div class=\"fusion-li-item-content\">\n<p>storage tank of the coarse screen cyclone with<\/p>\n<\/div><\/li><li class=\"fusion-li-item\" style=\"\"><span class=\"icon-wrapper circle-no\"><i class=\"fusion-li-icon fa-check-circle fas\" aria-hidden=\"true\"><\/i><\/span><div class=\"fusion-li-item-content\">\n<p>cyclone feeder pump for removing fine particles from the suspension<\/p>\n<\/div><\/li><li class=\"fusion-li-item\" style=\"\"><span class=\"icon-wrapper circle-no\"><i class=\"fusion-li-icon fa-check-circle fas\" aria-hidden=\"true\"><\/i><\/span><div class=\"fusion-li-item-content\">\n<p>dewatering screens for abstracting further water from<\/p>\n<\/div><\/li><li class=\"fusion-li-item\" style=\"\"><span class=\"icon-wrapper circle-no\"><i class=\"fusion-li-icon fa-check-circle fas\" aria-hidden=\"true\"><\/i><\/span><div class=\"fusion-li-item-content\">\n<p>the solids discharged by the cyclone<\/p>\n<\/div><\/li><\/ul><div class=\"fusion-sep-clear\"><\/div><div class=\"fusion-separator fusion-full-width-sep\" style=\"margin-left: auto;margin-right: auto;margin-top:10px;width:100%;\"><\/div><div class=\"fusion-sep-clear\"><\/div><div class=\"fusion-text fusion-text-3\"><p>More information can be found in our brochure:\u00a0 Desandings Plants<\/p>\n<\/div><div class=\"fusion-button-wrapper\"><a class=\"fusion-button button-flat fusion-button-default-size button-default fusion-button-default button-1 fusion-button-default-span fusion-button-default-type\" target=\"_blank\" rel=\"noopener noreferrer\" href=\"http:\/\/ecodrill.es\/wp-content\/uploads\/2018\/09\/Ecodrill_Prueba.pdf\" id=\"button_download\"><i class=\"fa-file-pdf fas button-icon-left\" aria-hidden=\"true\"><\/i><span class=\"fusion-button-text\">DOWNLOAD BROCHURE DESANDINGS PLANTS<\/span><\/a><\/div><div class=\"fusion-clearfix\"><\/div><\/div><\/div><div class=\"fusion-layout-column fusion_builder_column fusion-builder-column-2 fusion_builder_column_1_1 1_1 fusion-one-full fusion-column-first fusion-column-last\" style=\"--awb-bg-size:cover;\"><div class=\"fusion-column-wrapper fusion-flex-column-wrapper-legacy\">\n<div class=\"table-1\">\n<table width=\"100%\">\n<thead>\n<tr>\n<th align=\"left\">Type<\/th>\n<th align=\"left\">Capacity<\/th>\n<th align=\"left\">Inst. Power<\/th>\n<th align=\"left\">Cyclones<\/th>\n<th align=\"left\">Cut-off point d<span style=\"font-size: 8px;\">50<\/span><\/th>\n<\/tr>\n<\/thead>\n<tbody>\n<tr>\n<th align=\"left\">BE 100-60 L<\/p>\n<p>BE 100-60<\/th>\n<td align=\"left\">100 m<sup>3<\/sup>\/h<\/p>\n<p>100 m<sup>3<\/sup>\/h<\/td>\n<td align=\"left\">19,3 kW<\/p>\n<p>24 kW<\/td>\n<td align=\"left\">12 &#8221;<\/p>\n<p>15 &#8220;<\/td>\n<td align=\"left\">0.060 mm<\/p>\n<p>0.060mm<\/td>\n<\/tr>\n<tr>\n<th align=\"left\">BE 250-60<\/th>\n<td align=\"left\">250\u00a0m<sup>3<\/sup>\/h<\/td>\n<td align=\"left\">59 kW<\/td>\n<td align=\"left\">18 &#8220;<\/td>\n<td align=\"left\">0.060mm<\/td>\n<\/tr>\n<tr>\n<th align=\"left\">BE 170-60<\/th>\n<td align=\"left\">170\u00a0m<sup>3<\/sup>\/h<\/td>\n<td align=\"left\">32,2 kW<\/td>\n<td align=\"left\">15 &#8220;<\/td>\n<td align=\"left\">0.060mm<\/td>\n<\/tr>\n<tr>\n<th align=\"left\">BE 275-60<\/th>\n<td align=\"left\">275\u00a0m<sup>3<\/sup>\/h<\/td>\n<td align=\"left\">69 kW<\/td>\n<td align=\"left\">1 x 18 &#8220;<\/td>\n<td align=\"left\">0.060mm<\/td>\n<\/tr>\n<tr>\n<th align=\"left\">BE 425-60<\/th>\n<td align=\"left\">425\u00a0m<sup>3<\/sup>\/h<\/td>\n<td align=\"left\">89 kW<\/td>\n<td align=\"left\">2 x 18 &#8220;<\/td>\n<td align=\"left\">0.060mm<\/td>\n<\/tr>\n<\/tbody>\n<\/table>\n<\/div>\n<div class=\"fusion-clearfix\"><\/div><\/div><\/div><div class=\"fusion-layout-column fusion_builder_column fusion-builder-column-3 fusion_builder_column_1_1 1_1 fusion-one-full fusion-column-first fusion-column-last\" style=\"--awb-bg-size:cover;--awb-margin-top:60px;\"><div class=\"fusion-column-wrapper fusion-flex-column-wrapper-legacy\"><div class=\"fusion-title title fusion-title-2 fusion-title-text fusion-title-size-two\"><h2 class=\"fusion-title-heading title-heading-left\" style=\"margin:0;\"><strong>Desilter<\/strong><\/h2><span class=\"awb-title-spacer\"><\/span><div class=\"title-sep-container\"><div class=\"title-sep sep-double sep-solid\" style=\"border-color:#e0dede;\"><\/div><\/div><\/div>\n<div class=\"table-1\">\n<table width=\"100%\">\n<thead>\n<tr>\n<th align=\"left\">Type<\/th>\n<th align=\"left\">Capacity<\/th>\n<th align=\"left\">Cyclones<\/th>\n<th align=\"left\">Cut-off point d<span style=\"font-size: 8px;\">50<\/span><\/th>\n<\/tr>\n<\/thead>\n<tbody>\n<tr>\n<th align=\"left\">BDS 125-30 K<\/p>\n<p>BDS 250-30 K<\/th>\n<td align=\"left\">125 m<sup>3<\/sup>\/h<\/p>\n<p>250 m<sup>3<\/sup>\/h<\/td>\n<td align=\"left\">3 x 6 &#8221;<\/p>\n<p>6 x 6 &#8220;<\/td>\n<td align=\"left\">0.030 mm<\/p>\n<p>0.030mm<\/td>\n<\/tr>\n<tr>\n<th align=\"left\">BDS 125-20<\/p>\n<p>BDS 250-20<\/th>\n<td align=\"left\">125 m<sup>3<\/sup>\/h<\/p>\n<p>250 m<sup>3<\/sup>\/h<\/td>\n<td align=\"left\">6 x 4 &#8221;<\/p>\n<p>12 x 4 &#8220;<\/td>\n<td align=\"left\">0.020mm<\/p>\n<p>0.020mm<\/td>\n<\/tr>\n<tr>\n<th align=\"left\">BDS 85-20 K<\/p>\n<p>BDS 125-20 K<\/p>\n<p>BDS 250-20 K<\/th>\n<td align=\"left\">85 m<sup>3<\/sup>\/h<\/p>\n<p>125 m<sup>3<\/sup>\/h<\/p>\n<p>250 m<sup>3<\/sup>\/h<\/td>\n<td align=\"left\">4 x 4 &#8221;<\/p>\n<p>6 x 4 &#8221;<\/p>\n<p>12 x 4 &#8220;<\/td>\n<td align=\"left\">0.020mm<\/p>\n<p>0.020mm<\/p>\n<p>0.020mm<\/td>\n<\/tr>\n<\/tbody>\n<\/table>\n<\/div>\n<div class=\"fusion-clearfix\"><\/div><\/div><\/div><div class=\"fusion-layout-column fusion_builder_column fusion-builder-column-4 fusion_builder_column_1_1 1_1 fusion-one-full fusion-column-first fusion-column-last\" style=\"--awb-bg-size:cover;--awb-margin-top:60px;\"><div class=\"fusion-column-wrapper fusion-flex-column-wrapper-legacy\"><div class=\"fusion-title title fusion-title-3 fusion-title-text fusion-title-size-two\"><h2 class=\"fusion-title-heading title-heading-left\" style=\"margin:0;\"><strong>Decanter Centrifuge<\/strong><\/h2><span class=\"awb-title-spacer\"><\/span><div class=\"title-sep-container\"><div class=\"title-sep sep-double sep-solid\" style=\"border-color:#e0dede;\"><\/div><\/div><\/div>\n<div class=\"table-1\">\n<table width=\"100%\">\n<thead>\n<tr>\n<th align=\"left\">Technical specifications<\/th>\n<th align=\"left\"><\/th>\n<\/tr>\n<\/thead>\n<tbody>\n<tr>\n<th align=\"left\">Power rating (kW)<\/th>\n<td align=\"left\">75<\/td>\n<\/tr>\n<tr>\n<th align=\"left\">Capacity max. (m<sup>3<\/sup>\/h)<\/th>\n<td align=\"left\">90<\/td>\n<\/tr>\n<tr>\n<th align=\"left\">Weight approx. (t)<\/th>\n<td align=\"left\">12,5<\/td>\n<\/tr>\n<\/tbody>\n<\/table>\n<\/div>\n<div class=\"fusion-sep-clear\"><\/div><div class=\"fusion-separator fusion-full-width-sep\" style=\"margin-left: auto;margin-right: auto;margin-top:10px;width:100%;\"><\/div><div class=\"fusion-sep-clear\"><\/div><div class=\"fusion-text fusion-text-4\"><p>More information can be found in our brochure:\u00a0 Decanter BD 90\/75<\/p>\n<\/div><div class=\"fusion-button-wrapper\"><a class=\"fusion-button button-flat fusion-button-default-size button-default fusion-button-default button-2 fusion-button-default-span fusion-button-default-type\" target=\"_blank\" rel=\"noopener noreferrer\" href=\"http:\/\/ecodrill.es\/wp-content\/uploads\/2018\/09\/Ecodrill_Prueba.pdf\" id=\"button_download\"><i class=\"fa-file-pdf fas button-icon-left\" aria-hidden=\"true\"><\/i><span class=\"fusion-button-text\">DOWNLOAD BROCHURE DECANTER BD 90\/75<\/span><\/a><\/div><div class=\"fusion-clearfix\"><\/div><\/div><\/div><\/div><\/div>\n","protected":false},"excerpt":{"rendered":"","protected":false},"author":1,"featured_media":0,"parent":0,"menu_order":0,"comment_status":"closed","ping_status":"closed","template":"","meta":{"_bbp_topic_count":0,"_bbp_reply_count":0,"_bbp_total_topic_count":0,"_bbp_total_reply_count":0,"_bbp_voice_count":0,"_bbp_anonymous_reply_count":0,"_bbp_topic_count_hidden":0,"_bbp_reply_count_hidden":0,"_bbp_forum_subforum_count":0,"footnotes":""},"yoast_head":"<!-- This site is optimized with the Yoast SEO plugin v21.5 - https:\/\/yoast.com\/wordpress\/plugins\/seo\/ -->\n<title>Separation Technology - Soluciones para ingenier\u00eda civil en el sector de la construcci\u00f3n | Ecodrill - Baudrill<\/title>\n<meta name=\"robots\" content=\"index, follow, max-snippet:-1, max-image-preview:large, max-video-preview:-1\" \/>\n<link rel=\"canonical\" href=\"https:\/\/ecodrill.es\/en\/separation-technology\/\" \/>\n<meta property=\"og:locale\" content=\"en_US\" \/>\n<meta property=\"og:type\" content=\"article\" \/>\n<meta property=\"og:title\" content=\"Separation Technology - Soluciones para ingenier\u00eda civil en el sector de la construcci\u00f3n | Ecodrill - Baudrill\" \/>\n<meta property=\"og:url\" content=\"https:\/\/ecodrill.es\/en\/separation-technology\/\" \/>\n<meta property=\"og:site_name\" content=\"Soluciones para ingenier\u00eda civil en el sector de la construcci\u00f3n | Ecodrill - Baudrill\" \/>\n<meta property=\"article:modified_time\" content=\"2019-01-09T11:23:52+00:00\" \/>\n<meta property=\"og:image\" content=\"http:\/\/ecodrill.es\/wp-content\/uploads\/2018\/11\/7-separation-technology-header.jpg\" \/>\n<meta name=\"twitter:card\" content=\"summary_large_image\" \/>\n<meta name=\"twitter:label1\" content=\"Est. reading time\" \/>\n\t<meta name=\"twitter:data1\" content=\"6 minutes\" \/>\n<script type=\"application\/ld+json\" class=\"yoast-schema-graph\">{\"@context\":\"https:\/\/schema.org\",\"@graph\":[{\"@type\":\"WebPage\",\"@id\":\"https:\/\/ecodrill.es\/en\/separation-technology\/\",\"url\":\"https:\/\/ecodrill.es\/en\/separation-technology\/\",\"name\":\"Separation Technology - Soluciones para ingenier\u00eda civil en el sector de la construcci\u00f3n | Ecodrill - Baudrill\",\"isPartOf\":{\"@id\":\"https:\/\/ecodrill.es\/en\/#website\"},\"datePublished\":\"2018-11-07T16:07:28+00:00\",\"dateModified\":\"2019-01-09T11:23:52+00:00\",\"breadcrumb\":{\"@id\":\"https:\/\/ecodrill.es\/en\/separation-technology\/#breadcrumb\"},\"inLanguage\":\"en-US\",\"potentialAction\":[{\"@type\":\"ReadAction\",\"target\":[\"https:\/\/ecodrill.es\/en\/separation-technology\/\"]}]},{\"@type\":\"BreadcrumbList\",\"@id\":\"https:\/\/ecodrill.es\/en\/separation-technology\/#breadcrumb\",\"itemListElement\":[{\"@type\":\"ListItem\",\"position\":1,\"name\":\"Portada\",\"item\":\"https:\/\/ecodrill.es\/en\/\"},{\"@type\":\"ListItem\",\"position\":2,\"name\":\"Separation Technology\"}]},{\"@type\":\"WebSite\",\"@id\":\"https:\/\/ecodrill.es\/en\/#website\",\"url\":\"https:\/\/ecodrill.es\/en\/\",\"name\":\"Soluciones para ingenier\u00eda civil en el sector de la construcci\u00f3n | Ecodrill - Baudrill\",\"description\":\"Distribuidor autorizado de BAUER Maschinen GmbH, tenemos una amplia experiencia en el sector de la construcci\u00f3n, con presencia en Espa\u00f1a, Per\u00fa y Ecuador.\",\"potentialAction\":[{\"@type\":\"SearchAction\",\"target\":{\"@type\":\"EntryPoint\",\"urlTemplate\":\"https:\/\/ecodrill.es\/en\/?s={search_term_string}\"},\"query-input\":\"required name=search_term_string\"}],\"inLanguage\":\"en-US\"}]}<\/script>\n<!-- \/ Yoast SEO plugin. -->","yoast_head_json":{"title":"Separation Technology - Soluciones para ingenier\u00eda civil en el sector de la construcci\u00f3n | Ecodrill - Baudrill","robots":{"index":"index","follow":"follow","max-snippet":"max-snippet:-1","max-image-preview":"max-image-preview:large","max-video-preview":"max-video-preview:-1"},"canonical":"https:\/\/ecodrill.es\/en\/separation-technology\/","og_locale":"en_US","og_type":"article","og_title":"Separation Technology - Soluciones para ingenier\u00eda civil en el sector de la construcci\u00f3n | Ecodrill - Baudrill","og_url":"https:\/\/ecodrill.es\/en\/separation-technology\/","og_site_name":"Soluciones para ingenier\u00eda civil en el sector de la construcci\u00f3n | Ecodrill - Baudrill","article_modified_time":"2019-01-09T11:23:52+00:00","og_image":[{"url":"http:\/\/ecodrill.es\/wp-content\/uploads\/2018\/11\/7-separation-technology-header.jpg"}],"twitter_card":"summary_large_image","twitter_misc":{"Est. reading time":"6 minutes"},"schema":{"@context":"https:\/\/schema.org","@graph":[{"@type":"WebPage","@id":"https:\/\/ecodrill.es\/en\/separation-technology\/","url":"https:\/\/ecodrill.es\/en\/separation-technology\/","name":"Separation Technology - Soluciones para ingenier\u00eda civil en el sector de la construcci\u00f3n | Ecodrill - Baudrill","isPartOf":{"@id":"https:\/\/ecodrill.es\/en\/#website"},"datePublished":"2018-11-07T16:07:28+00:00","dateModified":"2019-01-09T11:23:52+00:00","breadcrumb":{"@id":"https:\/\/ecodrill.es\/en\/separation-technology\/#breadcrumb"},"inLanguage":"en-US","potentialAction":[{"@type":"ReadAction","target":["https:\/\/ecodrill.es\/en\/separation-technology\/"]}]},{"@type":"BreadcrumbList","@id":"https:\/\/ecodrill.es\/en\/separation-technology\/#breadcrumb","itemListElement":[{"@type":"ListItem","position":1,"name":"Portada","item":"https:\/\/ecodrill.es\/en\/"},{"@type":"ListItem","position":2,"name":"Separation Technology"}]},{"@type":"WebSite","@id":"https:\/\/ecodrill.es\/en\/#website","url":"https:\/\/ecodrill.es\/en\/","name":"Soluciones para ingenier\u00eda civil en el sector de la construcci\u00f3n | Ecodrill - Baudrill","description":"Distribuidor autorizado de BAUER Maschinen GmbH, tenemos una amplia experiencia en el sector de la construcci\u00f3n, con presencia en Espa\u00f1a, Per\u00fa y Ecuador.","potentialAction":[{"@type":"SearchAction","target":{"@type":"EntryPoint","urlTemplate":"https:\/\/ecodrill.es\/en\/?s={search_term_string}"},"query-input":"required name=search_term_string"}],"inLanguage":"en-US"}]}},"_links":{"self":[{"href":"https:\/\/ecodrill.es\/en\/wp-json\/wp\/v2\/pages\/1064"}],"collection":[{"href":"https:\/\/ecodrill.es\/en\/wp-json\/wp\/v2\/pages"}],"about":[{"href":"https:\/\/ecodrill.es\/en\/wp-json\/wp\/v2\/types\/page"}],"author":[{"embeddable":true,"href":"https:\/\/ecodrill.es\/en\/wp-json\/wp\/v2\/users\/1"}],"replies":[{"embeddable":true,"href":"https:\/\/ecodrill.es\/en\/wp-json\/wp\/v2\/comments?post=1064"}],"version-history":[{"count":5,"href":"https:\/\/ecodrill.es\/en\/wp-json\/wp\/v2\/pages\/1064\/revisions"}],"predecessor-version":[{"id":1671,"href":"https:\/\/ecodrill.es\/en\/wp-json\/wp\/v2\/pages\/1064\/revisions\/1671"}],"wp:attachment":[{"href":"https:\/\/ecodrill.es\/en\/wp-json\/wp\/v2\/media?parent=1064"}],"curies":[{"name":"wp","href":"https:\/\/api.w.org\/{rel}","templated":true}]}}