{"id":1066,"date":"2018-11-08T09:29:15","date_gmt":"2018-11-08T09:29:15","guid":{"rendered":"http:\/\/ecodrill.es\/tecnologia\/"},"modified":"2019-04-16T16:55:47","modified_gmt":"2019-04-16T16:55:47","slug":"tecnology","status":"publish","type":"page","link":"https:\/\/ecodrill.es\/en\/tecnology\/","title":{"rendered":"Tecnology"},"content":{"rendered":"<div class=\"fusion-fullwidth fullwidth-box fusion-builder-row-1 nonhundred-percent-fullwidth non-hundred-percent-height-scrolling\" style=\"--awb-border-radius-top-left:0px;--awb-border-radius-top-right:0px;--awb-border-radius-bottom-right:0px;--awb-border-radius-bottom-left:0px;--awb-flex-wrap:wrap;\" ><div class=\"fusion-builder-row fusion-row\"><div class=\"fusion-layout-column fusion_builder_column fusion-builder-column-0 fusion_builder_column_1_1 1_1 fusion-one-full fusion-column-first fusion-column-last\" style=\"--awb-bg-size:cover;\"><div class=\"fusion-column-wrapper fusion-flex-column-wrapper-legacy\"><div class=\"fusion-image-element in-legacy-container\" style=\"--awb-caption-title-font-family:var(--h2_typography-font-family);--awb-caption-title-font-weight:var(--h2_typography-font-weight);--awb-caption-title-font-style:var(--h2_typography-font-style);--awb-caption-title-size:var(--h2_typography-font-size);--awb-caption-title-transform:var(--h2_typography-text-transform);--awb-caption-title-line-height:var(--h2_typography-line-height);--awb-caption-title-letter-spacing:var(--h2_typography-letter-spacing);\"><span class=\" fusion-imageframe imageframe-none imageframe-1 hover-type-none\"><img decoding=\"async\" width=\"1084\" height=\"459\" title=\"IMAGEN PRINCIPAL TECNOLOGIA\" src=\"http:\/\/ecodrill.es\/wp-content\/uploads\/2018\/11\/IMAGEN-PRINCIPAL-TECNOLOGIA.png\" alt class=\"img-responsive wp-image-1088\" srcset=\"https:\/\/ecodrill.es\/wp-content\/uploads\/2018\/11\/IMAGEN-PRINCIPAL-TECNOLOGIA-200x85.png 200w, https:\/\/ecodrill.es\/wp-content\/uploads\/2018\/11\/IMAGEN-PRINCIPAL-TECNOLOGIA-400x169.png 400w, https:\/\/ecodrill.es\/wp-content\/uploads\/2018\/11\/IMAGEN-PRINCIPAL-TECNOLOGIA-600x254.png 600w, https:\/\/ecodrill.es\/wp-content\/uploads\/2018\/11\/IMAGEN-PRINCIPAL-TECNOLOGIA-800x339.png 800w, https:\/\/ecodrill.es\/wp-content\/uploads\/2018\/11\/IMAGEN-PRINCIPAL-TECNOLOGIA.png 1084w\" sizes=\"(max-width: 800px) 100vw, 1084px\" \/><\/span><\/div><div class=\"fusion-clearfix\"><\/div><\/div><\/div><div class=\"fusion-layout-column fusion_builder_column fusion-builder-column-1 fusion_builder_column_1_1 1_1 fusion-one-full fusion-column-first fusion-column-last\" style=\"--awb-bg-size:cover;--awb-margin-bottom:60px;\"><div class=\"fusion-column-wrapper fusion-flex-column-wrapper-legacy\"><div class=\"fusion-title title fusion-title-1 fusion-title-text fusion-title-size-two\"><h2 class=\"fusion-title-heading title-heading-left\" style=\"margin:0;\"><strong>Overview Applications<\/strong><\/h2><span class=\"awb-title-spacer\"><\/span><div class=\"title-sep-container\"><div class=\"title-sep sep-double sep-solid\" style=\"border-color:#e0dede;\"><\/div><\/div><\/div><div class=\"fusion-text fusion-text-1\"><p>Creativity, years of experience and a close link with the actual practice are the most important factors for the successful development of machines and technologies in specialist foundation engineering. This is a tradition at Bauer &#8211; for over fifty years our engineers have picked up ideas and suggestions from our construction sites and with these developed innovative technologies which assisted to improve specialist foundation engineering.<\/p>\n<\/div><div class=\"fusion-clearfix\"><\/div><\/div><\/div><div class=\"fusion-layout-column fusion_builder_column fusion-builder-column-2 fusion_builder_column_1_1 1_1 fusion-one-full fusion-column-first fusion-column-last\" style=\"--awb-bg-size:cover;--awb-margin-bottom:60px;\"><div class=\"fusion-column-wrapper fusion-flex-column-wrapper-legacy\"><div class=\"fusion-title title fusion-title-2 fusion-title-text fusion-title-size-two\"><h2 class=\"fusion-title-heading title-heading-left\" style=\"margin:0;\"><strong>B-Tronic<\/strong><\/h2><span class=\"awb-title-spacer\"><\/span><div class=\"title-sep-container\"><div class=\"title-sep sep-double sep-solid\" style=\"border-color:#e0dede;\"><\/div><\/div><\/div><div class=\"fusion-text fusion-text-2\"><p>The high-performance B-Tronic is based on dozens of sensors. Positioned at all critical points in the machine, these sensors continuously collect data which are centrally logged and processed. A high-resolution touch screen with a range of different display modes informs the machine operator about the status of his machine and provides details for the optimal use of the machine. Data transmission systems, such as WLAN, USB or the BAUER specific communications unit DTR, allow transmitting machine operating and production data locally and globally to any place via the internet.<\/p>\n<p>Do you need further, more extensive evaluations of machine and project data?<\/p>\n<p>No problem: the necessary programs and apps, such as WEB-BGM or B-Report, can be easily connected.<\/p>\n<\/div><div class=\"fusion-sep-clear\"><\/div><div class=\"fusion-separator fusion-full-width-sep\" style=\"margin-left: auto;margin-right: auto;margin-top:10px;width:100%;\"><\/div><div class=\"fusion-sep-clear\"><\/div><div class=\"fusion-text fusion-text-3\"><p>More information can be found in our brochures: B-TRONIC\u00a0 \/\u00a0 B- TRONIC Display<\/p>\n<\/div><div class=\"fusion-button-wrapper\"><a class=\"fusion-button button-flat fusion-button-default-size button-default fusion-button-default button-1 fusion-button-default-span fusion-button-default-type\" target=\"_blank\" rel=\"noopener noreferrer\" href=\"https:\/\/ecodrill.es\/wp-content\/uploads\/2019\/04\/B-Tronic_System_DE_EN_905_796_1_2.pdf\" id=\"button_download\"><i class=\"fa-file-pdf fas button-icon-left\" aria-hidden=\"true\"><\/i><span class=\"fusion-button-text\">DOWNLOAD BROCHURE B-TRONIC<\/span><\/a><\/div><div class=\"fusion-button-wrapper\"><a class=\"fusion-button button-flat fusion-button-default-size button-default fusion-button-default button-2 fusion-button-default-span fusion-button-default-type\" target=\"_blank\" rel=\"noopener noreferrer\" href=\"https:\/\/ecodrill.es\/wp-content\/uploads\/2019\/04\/B_Tronic_Bildschirm_EN_905_759_2.pdf\" id=\"button_download\"><i class=\"fa-file-pdf fas button-icon-left\" aria-hidden=\"true\"><\/i><span class=\"fusion-button-text\">DOWNLOAD BROCHURE B-TRONIC DISPLAY<\/span><\/a><\/div><div class=\"fusion-clearfix\"><\/div><\/div><\/div><div class=\"fusion-layout-column fusion_builder_column fusion-builder-column-3 fusion_builder_column_1_1 1_1 fusion-one-full fusion-column-first fusion-column-last\" style=\"--awb-bg-size:cover;--awb-margin-bottom:60px;\"><div class=\"fusion-column-wrapper fusion-flex-column-wrapper-legacy\"><div class=\"fusion-title title fusion-title-3 fusion-title-text fusion-title-size-two\"><h2 class=\"fusion-title-heading title-heading-left\" style=\"margin:0;\"><strong>EEP Energy-Efficient Power<\/strong><\/h2><span class=\"awb-title-spacer\"><\/span><div class=\"title-sep-container\"><div class=\"title-sep sep-double sep-solid\" style=\"border-color:#e0dede;\"><\/div><\/div><\/div><div class=\"fusion-text fusion-text-4\"><p>Productivity and efficiency have a long tradition at Bauer. The EEP Energy-Efficient Power was developed based on current research and development work. In addition to a significant reduction in fuel consumption, it also offers further advantages and thus shows that high performance, low noise and low fuel consumption are not necessarily incompatible. Numerous tests have proven the suitability for practical application. Your personal advisor at BAUER Maschinen GmbH will be happy to provide you with information on availability and launch dates.<\/p>\n<\/div><div class=\"fusion-sep-clear\"><\/div><div class=\"fusion-separator fusion-full-width-sep\" style=\"margin-left: auto;margin-right: auto;margin-top:10px;width:100%;\"><\/div><div class=\"fusion-sep-clear\"><\/div><div class=\"fusion-text fusion-text-5\"><p>More information can be found in our brochure: EEP Energy-Efficient Power<\/p>\n<\/div><div class=\"fusion-button-wrapper\"><a class=\"fusion-button button-flat fusion-button-default-size button-default fusion-button-default button-3 fusion-button-default-span fusion-button-default-type\" target=\"_blank\" rel=\"noopener noreferrer\" href=\"https:\/\/ecodrill.es\/wp-content\/uploads\/2019\/04\/EEP_DE-EN_905_756_1.pdf\" id=\"button_download\"><i class=\"fa-file-pdf fas button-icon-left\" aria-hidden=\"true\"><\/i><span class=\"fusion-button-text\">DOWNLOAD BROCHURE EEP ENERGY-EFFICIENT POWER<\/span><\/a><\/div><div class=\"fusion-clearfix\"><\/div><\/div><\/div><div class=\"fusion-layout-column fusion_builder_column fusion-builder-column-4 fusion_builder_column_1_1 1_1 fusion-one-full fusion-column-first fusion-column-last\" style=\"--awb-bg-size:cover;--awb-margin-bottom:60px;\"><div class=\"fusion-column-wrapper fusion-flex-column-wrapper-legacy\"><div class=\"fusion-title title fusion-title-4 fusion-title-text fusion-title-size-two\"><h2 class=\"fusion-title-heading title-heading-left\" style=\"margin:0;\"><strong>Flydrill Kelly-Pile-Top Drilling Unit<\/strong><\/h2><span class=\"awb-title-spacer\"><\/span><div class=\"title-sep-container\"><div class=\"title-sep sep-double sep-solid\" style=\"border-color:#e0dede;\"><\/div><\/div><\/div><div class=\"fusion-text fusion-text-6\"><p>The Flydrill system is a new concept for the construction of bored piles by the rotary drilling technique. The drill, which comprises a rotary drive, kelly bar, drilling tool and hydraulic clamping unit, is suspended on the main hoist rope of the base carrier (MC foundation crane or similar crawler crane). Hydraulic power supply for the pile-top drilling unit is provided either by the base carrier or anexternal Bauer hydraulic power pack.<\/p>\n<p>During the drilling process, the drilling unit is clamped to the top of the tubular pile or drill casing by way of an hydraulically operated clamping unit. To empty the drilling bucket and dump the drill spoil on site, the hydraulic clamps are released from the top of the pile, allowing the entire unit to be lifted off and swung sideways.<\/p>\n<\/div><div class=\"fusion-sep-clear\"><\/div><div class=\"fusion-separator fusion-full-width-sep\" style=\"margin-left: auto;margin-right: auto;margin-top:10px;width:100%;\"><\/div><div class=\"fusion-sep-clear\"><\/div>\n<div class=\"table-1\">\n<table width=\"100%\">\n<thead>\n<tr>\n<th align=\"left\"><strong>Specifiations<\/strong><\/th>\n<th align=\"left\"><\/th>\n<th align=\"left\"><\/th>\n<th align=\"left\"><\/th>\n<\/tr>\n<\/thead>\n<tbody>\n<tr>\n<td align=\"left\"><\/td>\n<td align=\"left\"><\/td>\n<td align=\"left\"><strong>BFD 2000<\/strong><\/td>\n<td align=\"left\"><strong>BFD 3500<\/strong><\/td>\n<\/tr>\n<tr>\n<td align=\"left\"><strong>Torque<\/strong><\/td>\n<td align=\"left\">kNm<\/td>\n<td align=\"left\">200<\/td>\n<td align=\"left\">360<\/td>\n<\/tr>\n<tr>\n<td align=\"left\"><strong>Stroke crowd cylinder<\/strong><\/td>\n<td align=\"left\">mm<\/td>\n<td align=\"left\">1000<\/td>\n<td align=\"left\">1500<\/td>\n<\/tr>\n<tr>\n<td align=\"left\"><strong>Crowd force (push(pull)<\/strong><\/td>\n<td align=\"left\">kn<\/td>\n<td align=\"left\">2 x 70<\/td>\n<td align=\"left\">2 x 120<\/td>\n<\/tr>\n<tr>\n<td align=\"left\"><strong>Clamping force<\/strong><\/td>\n<td align=\"left\">kN<\/td>\n<td align=\"left\">2 x 230<\/td>\n<td align=\"left\">3 x 230<\/td>\n<\/tr>\n<tr>\n<td align=\"left\"><strong>Casing diameter<\/strong><\/td>\n<td align=\"left\">mm<\/td>\n<td align=\"left\">1000 &#8211; 2000<\/td>\n<td align=\"left\">1850 &#8211; 3500<\/td>\n<\/tr>\n<tr>\n<td align=\"left\"><strong>Kelly outer diameter<\/strong><\/td>\n<td align=\"left\">mm<\/td>\n<td align=\"left\">368<\/td>\n<td align=\"left\">470<\/td>\n<\/tr>\n<tr>\n<td align=\"left\"><strong>Weight (excl. kelly bar and tool)<\/strong><\/td>\n<td align=\"left\">t<\/td>\n<td align=\"left\">approx. 5.5<\/td>\n<td align=\"left\">approx. 15<\/td>\n<\/tr>\n<tr>\n<td align=\"left\"><strong>Drilling depth (dependent on base carrier)<\/strong><\/td>\n<td align=\"left\">m<\/td>\n<td align=\"left\">20 &#8211; 60<\/td>\n<td align=\"left\">20 &#8211; 60<\/td>\n<\/tr>\n<\/tbody>\n<\/table>\n<\/div>\n<div class=\"fusion-sep-clear\"><\/div><div class=\"fusion-separator fusion-full-width-sep\" style=\"margin-left: auto;margin-right: auto;margin-top:10px;width:100%;\"><\/div><div class=\"fusion-sep-clear\"><\/div><div class=\"fusion-text fusion-text-7\"><p>More information can be found in our brochure: BMA Maritime Technologies<\/p>\n<\/div><div class=\"fusion-button-wrapper\"><a class=\"fusion-button button-flat fusion-button-default-size button-default fusion-button-default button-4 fusion-button-default-span fusion-button-default-type\" target=\"_blank\" rel=\"noopener noreferrer\" href=\"https:\/\/ecodrill.es\/wp-content\/uploads\/2019\/04\/Maritime_Technologies_EN_905.704.2.pdf\" id=\"button_download\"><i class=\"fa-file-pdf fas button-icon-left\" aria-hidden=\"true\"><\/i><span class=\"fusion-button-text\">DOWNLOAD BROCHURE BMA MARITIME TECHNOLOGIES<\/span><\/a><\/div><div class=\"fusion-clearfix\"><\/div><\/div><\/div><\/div><\/div>\n","protected":false},"excerpt":{"rendered":"","protected":false},"author":1,"featured_media":0,"parent":0,"menu_order":0,"comment_status":"closed","ping_status":"closed","template":"","meta":{"_bbp_topic_count":0,"_bbp_reply_count":0,"_bbp_total_topic_count":0,"_bbp_total_reply_count":0,"_bbp_voice_count":0,"_bbp_anonymous_reply_count":0,"_bbp_topic_count_hidden":0,"_bbp_reply_count_hidden":0,"_bbp_forum_subforum_count":0,"footnotes":""},"yoast_head":"<!-- This site is optimized with the Yoast SEO plugin v21.5 - https:\/\/yoast.com\/wordpress\/plugins\/seo\/ -->\n<title>Tecnology - Soluciones para ingenier\u00eda civil en el sector de la construcci\u00f3n | Ecodrill - Baudrill<\/title>\n<meta name=\"robots\" content=\"index, follow, max-snippet:-1, max-image-preview:large, max-video-preview:-1\" \/>\n<link rel=\"canonical\" href=\"https:\/\/ecodrill.es\/en\/tecnology\/\" \/>\n<meta property=\"og:locale\" content=\"en_US\" \/>\n<meta property=\"og:type\" content=\"article\" \/>\n<meta property=\"og:title\" content=\"Tecnology - Soluciones para ingenier\u00eda civil en el sector de la construcci\u00f3n | Ecodrill - Baudrill\" \/>\n<meta property=\"og:url\" content=\"https:\/\/ecodrill.es\/en\/tecnology\/\" \/>\n<meta property=\"og:site_name\" content=\"Soluciones para ingenier\u00eda civil en el sector de la construcci\u00f3n | Ecodrill - Baudrill\" \/>\n<meta property=\"article:modified_time\" content=\"2019-04-16T16:55:47+00:00\" \/>\n<meta name=\"twitter:card\" content=\"summary_large_image\" \/>\n<meta name=\"twitter:label1\" content=\"Est. reading time\" \/>\n\t<meta name=\"twitter:data1\" content=\"9 minutes\" \/>\n<script type=\"application\/ld+json\" class=\"yoast-schema-graph\">{\"@context\":\"https:\/\/schema.org\",\"@graph\":[{\"@type\":\"WebPage\",\"@id\":\"https:\/\/ecodrill.es\/en\/tecnology\/\",\"url\":\"https:\/\/ecodrill.es\/en\/tecnology\/\",\"name\":\"Tecnology - Soluciones para ingenier\u00eda civil en el sector de la construcci\u00f3n | Ecodrill - Baudrill\",\"isPartOf\":{\"@id\":\"https:\/\/ecodrill.es\/en\/#website\"},\"datePublished\":\"2018-11-08T09:29:15+00:00\",\"dateModified\":\"2019-04-16T16:55:47+00:00\",\"breadcrumb\":{\"@id\":\"https:\/\/ecodrill.es\/en\/tecnology\/#breadcrumb\"},\"inLanguage\":\"en-US\",\"potentialAction\":[{\"@type\":\"ReadAction\",\"target\":[\"https:\/\/ecodrill.es\/en\/tecnology\/\"]}]},{\"@type\":\"BreadcrumbList\",\"@id\":\"https:\/\/ecodrill.es\/en\/tecnology\/#breadcrumb\",\"itemListElement\":[{\"@type\":\"ListItem\",\"position\":1,\"name\":\"Portada\",\"item\":\"https:\/\/ecodrill.es\/en\/\"},{\"@type\":\"ListItem\",\"position\":2,\"name\":\"Tecnology\"}]},{\"@type\":\"WebSite\",\"@id\":\"https:\/\/ecodrill.es\/en\/#website\",\"url\":\"https:\/\/ecodrill.es\/en\/\",\"name\":\"Soluciones para ingenier\u00eda civil en el sector de la construcci\u00f3n | Ecodrill - Baudrill\",\"description\":\"Distribuidor autorizado de BAUER Maschinen GmbH, tenemos una amplia experiencia en el sector de la construcci\u00f3n, con presencia en Espa\u00f1a, Per\u00fa y Ecuador.\",\"potentialAction\":[{\"@type\":\"SearchAction\",\"target\":{\"@type\":\"EntryPoint\",\"urlTemplate\":\"https:\/\/ecodrill.es\/en\/?s={search_term_string}\"},\"query-input\":\"required name=search_term_string\"}],\"inLanguage\":\"en-US\"}]}<\/script>\n<!-- \/ Yoast SEO plugin. -->","yoast_head_json":{"title":"Tecnology - Soluciones para ingenier\u00eda civil en el sector de la construcci\u00f3n | Ecodrill - Baudrill","robots":{"index":"index","follow":"follow","max-snippet":"max-snippet:-1","max-image-preview":"max-image-preview:large","max-video-preview":"max-video-preview:-1"},"canonical":"https:\/\/ecodrill.es\/en\/tecnology\/","og_locale":"en_US","og_type":"article","og_title":"Tecnology - Soluciones para ingenier\u00eda civil en el sector de la construcci\u00f3n | Ecodrill - Baudrill","og_url":"https:\/\/ecodrill.es\/en\/tecnology\/","og_site_name":"Soluciones para ingenier\u00eda civil en el sector de la construcci\u00f3n | Ecodrill - Baudrill","article_modified_time":"2019-04-16T16:55:47+00:00","twitter_card":"summary_large_image","twitter_misc":{"Est. reading time":"9 minutes"},"schema":{"@context":"https:\/\/schema.org","@graph":[{"@type":"WebPage","@id":"https:\/\/ecodrill.es\/en\/tecnology\/","url":"https:\/\/ecodrill.es\/en\/tecnology\/","name":"Tecnology - Soluciones para ingenier\u00eda civil en el sector de la construcci\u00f3n | Ecodrill - Baudrill","isPartOf":{"@id":"https:\/\/ecodrill.es\/en\/#website"},"datePublished":"2018-11-08T09:29:15+00:00","dateModified":"2019-04-16T16:55:47+00:00","breadcrumb":{"@id":"https:\/\/ecodrill.es\/en\/tecnology\/#breadcrumb"},"inLanguage":"en-US","potentialAction":[{"@type":"ReadAction","target":["https:\/\/ecodrill.es\/en\/tecnology\/"]}]},{"@type":"BreadcrumbList","@id":"https:\/\/ecodrill.es\/en\/tecnology\/#breadcrumb","itemListElement":[{"@type":"ListItem","position":1,"name":"Portada","item":"https:\/\/ecodrill.es\/en\/"},{"@type":"ListItem","position":2,"name":"Tecnology"}]},{"@type":"WebSite","@id":"https:\/\/ecodrill.es\/en\/#website","url":"https:\/\/ecodrill.es\/en\/","name":"Soluciones para ingenier\u00eda civil en el sector de la construcci\u00f3n | Ecodrill - Baudrill","description":"Distribuidor autorizado de BAUER Maschinen GmbH, tenemos una amplia experiencia en el sector de la construcci\u00f3n, con presencia en Espa\u00f1a, Per\u00fa y Ecuador.","potentialAction":[{"@type":"SearchAction","target":{"@type":"EntryPoint","urlTemplate":"https:\/\/ecodrill.es\/en\/?s={search_term_string}"},"query-input":"required name=search_term_string"}],"inLanguage":"en-US"}]}},"_links":{"self":[{"href":"https:\/\/ecodrill.es\/en\/wp-json\/wp\/v2\/pages\/1066"}],"collection":[{"href":"https:\/\/ecodrill.es\/en\/wp-json\/wp\/v2\/pages"}],"about":[{"href":"https:\/\/ecodrill.es\/en\/wp-json\/wp\/v2\/types\/page"}],"author":[{"embeddable":true,"href":"https:\/\/ecodrill.es\/en\/wp-json\/wp\/v2\/users\/1"}],"replies":[{"embeddable":true,"href":"https:\/\/ecodrill.es\/en\/wp-json\/wp\/v2\/comments?post=1066"}],"version-history":[{"count":8,"href":"https:\/\/ecodrill.es\/en\/wp-json\/wp\/v2\/pages\/1066\/revisions"}],"predecessor-version":[{"id":1999,"href":"https:\/\/ecodrill.es\/en\/wp-json\/wp\/v2\/pages\/1066\/revisions\/1999"}],"wp:attachment":[{"href":"https:\/\/ecodrill.es\/en\/wp-json\/wp\/v2\/media?parent=1066"}],"curies":[{"name":"wp","href":"https:\/\/api.w.org\/{rel}","templated":true}]}}