{"id":1816,"date":"2019-04-03T09:23:54","date_gmt":"2019-04-03T09:23:54","guid":{"rendered":"http:\/\/ecodrill.es\/?page_id=1816"},"modified":"2019-04-03T12:54:30","modified_gmt":"2019-04-03T12:54:30","slug":"news-and-events","status":"publish","type":"page","link":"https:\/\/ecodrill.es\/en\/news-and-events\/","title":{"rendered":"News and events"},"content":{"rendered":"<div class=\"fusion-fullwidth fullwidth-box fusion-builder-row-1 nonhundred-percent-fullwidth non-hundred-percent-height-scrolling\" style=\"--awb-border-radius-top-left:0px;--awb-border-radius-top-right:0px;--awb-border-radius-bottom-right:0px;--awb-border-radius-bottom-left:0px;--awb-margin-top:25px;--awb-flex-wrap:wrap;\" ><div class=\"fusion-builder-row fusion-row\"><div class=\"fusion-layout-column fusion_builder_column fusion-builder-column-0 fusion_builder_column_1_1 1_1 fusion-one-full fusion-column-first fusion-column-last\" style=\"--awb-bg-size:cover;\"><div class=\"fusion-column-wrapper fusion-flex-column-wrapper-legacy\"><div class=\"fusion-recent-posts fusion-recent-posts-1 avada-container layout-default layout-columns-2 fusion-recent-posts-left\"><section class=\"fusion-columns columns fusion-columns-2 columns-2\"><article class=\"post fusion-column column col col-lg-6 col-md-6 col-sm-6\"><div class=\"fusion-flexslider fusion-flexslider-loading flexslider flexslider-hover-type-none\"><ul class=\"slides\"><li><a href=\"https:\/\/ecodrill.es\/en\/2019\/04\/02\/test1-2\/\" aria-label=\"Assistance Systems\" class=\"hover-type-none\"><img decoding=\"async\" width=\"700\" height=\"441\" src=\"https:\/\/ecodrill.es\/wp-content\/uploads\/2019\/04\/hombre-en-maquina-700x441.jpg\" class=\"attachment-recent-posts size-recent-posts\" alt=\"\" srcset=\"https:\/\/ecodrill.es\/wp-content\/uploads\/2019\/04\/hombre-en-maquina-320x202.jpg 320w, https:\/\/ecodrill.es\/wp-content\/uploads\/2019\/04\/hombre-en-maquina-700x441.jpg 700w\" sizes=\"(max-width: 700px) 100vw, 700px\" \/><\/a><\/li><\/ul><\/div><div class=\"recent-posts-content\"><span class=\"vcard\" style=\"display: none;\"><span class=\"fn\"><a href=\"https:\/\/ecodrill.es\/en\/author\/saviat\/\" title=\"Posts by saviat\" rel=\"author\">saviat<\/a><\/span><\/span><span class=\"updated\" style=\"display:none;\">2019-04-15T15:29:18+00:00<\/span><h4 class=\"entry-title\"><a href=\"https:\/\/ecodrill.es\/en\/2019\/04\/02\/test1-2\/\">Assistance Systems<\/a><\/h4><p>Bauer supports equipment operators with a wide range of assistance systems - from the automatic mast alignment, the one-directional and bi-directional spoil discharge assistant to the adaptive Kelly speed assistant. They provide more safety, comfort and efficiency at the construction site, paving the way for autonomous drilling in an increasingly complex work environment. [...]<\/p><\/div><\/article><article class=\"post fusion-column column col col-lg-6 col-md-6 col-sm-6\"><div class=\"fusion-flexslider fusion-flexslider-loading flexslider flexslider-hover-type-none\"><ul class=\"slides\"><li><a href=\"https:\/\/ecodrill.es\/en\/2018\/09\/18\/test-2-2\/\" aria-label=\"BAUER BG 23 H PremiumLine\" class=\"hover-type-none\"><img decoding=\"async\" width=\"337\" height=\"212\" src=\"https:\/\/ecodrill.es\/wp-content\/uploads\/2018\/09\/trabajadores-ecodrill.jpg\" class=\"attachment-recent-posts size-recent-posts\" alt=\"\" srcset=\"https:\/\/ecodrill.es\/wp-content\/uploads\/2018\/09\/trabajadores-ecodrill-200x126.jpg 200w, https:\/\/ecodrill.es\/wp-content\/uploads\/2018\/09\/trabajadores-ecodrill-300x189.jpg 300w, https:\/\/ecodrill.es\/wp-content\/uploads\/2018\/09\/trabajadores-ecodrill-320x202.jpg 320w, https:\/\/ecodrill.es\/wp-content\/uploads\/2018\/09\/trabajadores-ecodrill.jpg 337w\" sizes=\"(max-width: 337px) 100vw, 337px\" \/><\/a><\/li><\/ul><\/div><div class=\"recent-posts-content\"><span class=\"vcard\" style=\"display: none;\"><span class=\"fn\"><a href=\"https:\/\/ecodrill.es\/en\/author\/saviat\/\" title=\"Posts by saviat\" rel=\"author\">saviat<\/a><\/span><\/span><span class=\"updated\" style=\"display:none;\">2019-04-15T15:30:09+00:00<\/span><h4 class=\"entry-title\"><a href=\"https:\/\/ecodrill.es\/en\/2018\/09\/18\/test-2-2\/\">BAUER BG 23 H PremiumLine<\/a><\/h4><p>Bauer Maschinen's valued client Krause &amp; Co. Hoch-, Tief- und Anlagenbau GmbH carried out the reduction to the diameter of various pipelines and the plugging of a tunnel at Einsiedel Dam near Chemnitz, Germany. A BAUER BG 23 H PremiumLine was used, which the construction company from the Ore Mountains region had recently [...]<\/p><\/div><\/article><\/section><\/div><div class=\"fusion-clearfix\"><\/div><\/div><\/div><\/div><\/div>\n","protected":false},"excerpt":{"rendered":"","protected":false},"author":1,"featured_media":0,"parent":0,"menu_order":0,"comment_status":"closed","ping_status":"closed","template":"","meta":{"_bbp_topic_count":0,"_bbp_reply_count":0,"_bbp_total_topic_count":0,"_bbp_total_reply_count":0,"_bbp_voice_count":0,"_bbp_anonymous_reply_count":0,"_bbp_topic_count_hidden":0,"_bbp_reply_count_hidden":0,"_bbp_forum_subforum_count":0,"footnotes":""},"yoast_head":"<!-- This site is optimized with the Yoast SEO plugin v21.5 - https:\/\/yoast.com\/wordpress\/plugins\/seo\/ -->\n<title>News and events - Soluciones para ingenier\u00eda civil en el sector de la construcci\u00f3n | Ecodrill - Baudrill<\/title>\n<meta name=\"robots\" content=\"index, follow, max-snippet:-1, max-image-preview:large, max-video-preview:-1\" \/>\n<link rel=\"canonical\" href=\"https:\/\/ecodrill.es\/en\/news-and-events\/\" \/>\n<meta property=\"og:locale\" content=\"en_US\" \/>\n<meta property=\"og:type\" content=\"article\" \/>\n<meta property=\"og:title\" content=\"News and events - Soluciones para ingenier\u00eda civil en el sector de la construcci\u00f3n | Ecodrill - Baudrill\" \/>\n<meta property=\"og:url\" content=\"https:\/\/ecodrill.es\/en\/news-and-events\/\" \/>\n<meta property=\"og:site_name\" content=\"Soluciones para ingenier\u00eda civil en el sector de la construcci\u00f3n | Ecodrill - Baudrill\" \/>\n<meta property=\"article:modified_time\" content=\"2019-04-03T12:54:30+00:00\" \/>\n<meta name=\"twitter:card\" content=\"summary_large_image\" \/>\n<meta name=\"twitter:label1\" content=\"Est. reading time\" \/>\n\t<meta name=\"twitter:data1\" content=\"1 minute\" \/>\n<script type=\"application\/ld+json\" class=\"yoast-schema-graph\">{\"@context\":\"https:\/\/schema.org\",\"@graph\":[{\"@type\":\"WebPage\",\"@id\":\"https:\/\/ecodrill.es\/en\/news-and-events\/\",\"url\":\"https:\/\/ecodrill.es\/en\/news-and-events\/\",\"name\":\"News and events - Soluciones para ingenier\u00eda civil en el sector de la construcci\u00f3n | Ecodrill - Baudrill\",\"isPartOf\":{\"@id\":\"https:\/\/ecodrill.es\/en\/#website\"},\"datePublished\":\"2019-04-03T09:23:54+00:00\",\"dateModified\":\"2019-04-03T12:54:30+00:00\",\"breadcrumb\":{\"@id\":\"https:\/\/ecodrill.es\/en\/news-and-events\/#breadcrumb\"},\"inLanguage\":\"en-US\",\"potentialAction\":[{\"@type\":\"ReadAction\",\"target\":[\"https:\/\/ecodrill.es\/en\/news-and-events\/\"]}]},{\"@type\":\"BreadcrumbList\",\"@id\":\"https:\/\/ecodrill.es\/en\/news-and-events\/#breadcrumb\",\"itemListElement\":[{\"@type\":\"ListItem\",\"position\":1,\"name\":\"Portada\",\"item\":\"https:\/\/ecodrill.es\/en\/\"},{\"@type\":\"ListItem\",\"position\":2,\"name\":\"News and events\"}]},{\"@type\":\"WebSite\",\"@id\":\"https:\/\/ecodrill.es\/en\/#website\",\"url\":\"https:\/\/ecodrill.es\/en\/\",\"name\":\"Soluciones para ingenier\u00eda civil en el sector de la construcci\u00f3n | Ecodrill - Baudrill\",\"description\":\"Distribuidor autorizado de BAUER Maschinen GmbH, tenemos una amplia experiencia en el sector de la construcci\u00f3n, con presencia en Espa\u00f1a, Per\u00fa y Ecuador.\",\"potentialAction\":[{\"@type\":\"SearchAction\",\"target\":{\"@type\":\"EntryPoint\",\"urlTemplate\":\"https:\/\/ecodrill.es\/en\/?s={search_term_string}\"},\"query-input\":\"required name=search_term_string\"}],\"inLanguage\":\"en-US\"}]}<\/script>\n<!-- \/ Yoast SEO plugin. -->","yoast_head_json":{"title":"News and events - Soluciones para ingenier\u00eda civil en el sector de la construcci\u00f3n | Ecodrill - Baudrill","robots":{"index":"index","follow":"follow","max-snippet":"max-snippet:-1","max-image-preview":"max-image-preview:large","max-video-preview":"max-video-preview:-1"},"canonical":"https:\/\/ecodrill.es\/en\/news-and-events\/","og_locale":"en_US","og_type":"article","og_title":"News and events - Soluciones para ingenier\u00eda civil en el sector de la construcci\u00f3n | Ecodrill - Baudrill","og_url":"https:\/\/ecodrill.es\/en\/news-and-events\/","og_site_name":"Soluciones para ingenier\u00eda civil en el sector de la construcci\u00f3n | Ecodrill - Baudrill","article_modified_time":"2019-04-03T12:54:30+00:00","twitter_card":"summary_large_image","twitter_misc":{"Est. reading time":"1 minute"},"schema":{"@context":"https:\/\/schema.org","@graph":[{"@type":"WebPage","@id":"https:\/\/ecodrill.es\/en\/news-and-events\/","url":"https:\/\/ecodrill.es\/en\/news-and-events\/","name":"News and events - Soluciones para ingenier\u00eda civil en el sector de la construcci\u00f3n | Ecodrill - Baudrill","isPartOf":{"@id":"https:\/\/ecodrill.es\/en\/#website"},"datePublished":"2019-04-03T09:23:54+00:00","dateModified":"2019-04-03T12:54:30+00:00","breadcrumb":{"@id":"https:\/\/ecodrill.es\/en\/news-and-events\/#breadcrumb"},"inLanguage":"en-US","potentialAction":[{"@type":"ReadAction","target":["https:\/\/ecodrill.es\/en\/news-and-events\/"]}]},{"@type":"BreadcrumbList","@id":"https:\/\/ecodrill.es\/en\/news-and-events\/#breadcrumb","itemListElement":[{"@type":"ListItem","position":1,"name":"Portada","item":"https:\/\/ecodrill.es\/en\/"},{"@type":"ListItem","position":2,"name":"News and events"}]},{"@type":"WebSite","@id":"https:\/\/ecodrill.es\/en\/#website","url":"https:\/\/ecodrill.es\/en\/","name":"Soluciones para ingenier\u00eda civil en el sector de la construcci\u00f3n | Ecodrill - Baudrill","description":"Distribuidor autorizado de BAUER Maschinen GmbH, tenemos una amplia experiencia en el sector de la construcci\u00f3n, con presencia en Espa\u00f1a, Per\u00fa y Ecuador.","potentialAction":[{"@type":"SearchAction","target":{"@type":"EntryPoint","urlTemplate":"https:\/\/ecodrill.es\/en\/?s={search_term_string}"},"query-input":"required name=search_term_string"}],"inLanguage":"en-US"}]}},"_links":{"self":[{"href":"https:\/\/ecodrill.es\/en\/wp-json\/wp\/v2\/pages\/1816"}],"collection":[{"href":"https:\/\/ecodrill.es\/en\/wp-json\/wp\/v2\/pages"}],"about":[{"href":"https:\/\/ecodrill.es\/en\/wp-json\/wp\/v2\/types\/page"}],"author":[{"embeddable":true,"href":"https:\/\/ecodrill.es\/en\/wp-json\/wp\/v2\/users\/1"}],"replies":[{"embeddable":true,"href":"https:\/\/ecodrill.es\/en\/wp-json\/wp\/v2\/comments?post=1816"}],"version-history":[{"count":8,"href":"https:\/\/ecodrill.es\/en\/wp-json\/wp\/v2\/pages\/1816\/revisions"}],"predecessor-version":[{"id":1840,"href":"https:\/\/ecodrill.es\/en\/wp-json\/wp\/v2\/pages\/1816\/revisions\/1840"}],"wp:attachment":[{"href":"https:\/\/ecodrill.es\/en\/wp-json\/wp\/v2\/media?parent=1816"}],"curies":[{"name":"wp","href":"https:\/\/api.w.org\/{rel}","templated":true}]}}